{"id":3465,"date":"2017-10-03T19:40:15","date_gmt":"2017-10-03T17:40:15","guid":{"rendered":"https:\/\/www.salineraespanola.com\/products\/flor-de-sal-rosa\/"},"modified":"2017-10-12T14:03:24","modified_gmt":"2017-10-12T12:03:24","slug":"pink-fleur-de-sel-sea-salt","status":"publish","type":"page","link":"https:\/\/www.salineraespanola.com\/en\/products\/pink-fleur-de-sel-sea-salt\/","title":{"rendered":"Pink fleur de sel sea salt"},"content":{"rendered":"<p><div class=\"fusion-fullwidth fullwidth-box fusion-builder-row-1 fusion-flex-container fusion-parallax-none nonhundred-percent-fullwidth non-hundred-percent-height-scrolling lazyload\" style=\"--awb-border-radius-top-left:0px;--awb-border-radius-top-right:0px;--awb-border-radius-bottom-right:0px;--awb-border-radius-bottom-left:0px;--awb-padding-top:120px;--awb-padding-right:0px;--awb-padding-bottom:120px;--awb-padding-left:0px;--awb-background-size:cover;--awb-border-sizes-top:0px;--awb-border-sizes-bottom:0px;--awb-flex-wrap:wrap;\" data-bg=\"https:\/\/www.salineraespanola.com\/wp-content\/uploads\/2017\/09\/Salinera-Espanola_Muestra-Flor-de-sal-rosa_previo.jpg\" ><div class=\"fusion-builder-row fusion-row fusion-flex-align-items-flex-start fusion-flex-content-wrap\" style=\"max-width:calc( 1200px + 0px );margin-left: calc(-0px \/ 2 );margin-right: calc(-0px \/ 2 );\"><div class=\"fusion-layout-column fusion_builder_column fusion-builder-column-0 fusion_builder_column_1_1 1_1 fusion-flex-column fusion-flex-align-self-flex-start fusion-column-no-min-height\" style=\"--awb-bg-size:cover;--awb-width-large:100%;--awb-margin-top-large:0px;--awb-spacing-right-large:0px;--awb-margin-bottom-large:0px;--awb-spacing-left-large:0px;--awb-width-medium:100%;--awb-spacing-right-medium:0px;--awb-spacing-left-medium:0px;--awb-width-small:100%;--awb-spacing-right-small:0px;--awb-spacing-left-small:0px;\"><div class=\"fusion-column-wrapper fusion-flex-justify-content-flex-start fusion-content-layout-column\"><div class=\"fusion-text fusion-text-1\"><h1 style=\"text-align: center;\"><span style=\"color: #ffffff; text-shadow: 0px 4px 8px #000000;\">Pink fleur de sel sea salt<\/span><\/h1>\n<\/div><div class=\"fusion-separator fusion-full-width-sep\" style=\"align-self: center;margin-left: auto;margin-right: auto;margin-top:7px;width:100%;\"><\/div><\/div><\/div><div class=\"fusion-layout-column fusion_builder_column fusion-builder-column-1 fusion_builder_column_1_1 1_1 fusion-flex-column fusion-flex-align-self-flex-start fusion-column-no-min-height\" style=\"--awb-bg-size:cover;--awb-width-large:100%;--awb-margin-top-large:0px;--awb-spacing-right-large:0px;--awb-margin-bottom-large:0px;--awb-spacing-left-large:0px;--awb-width-medium:100%;--awb-spacing-right-medium:0px;--awb-spacing-left-medium:0px;--awb-width-small:100%;--awb-spacing-right-small:0px;--awb-spacing-left-small:0px;\"><div class=\"fusion-column-wrapper fusion-flex-justify-content-flex-start fusion-content-layout-column\"><div class=\"fusion-text fusion-text-2\"><p style=\"font-size: 18px; text-align: center; line-height: 30px;\"><strong><span style=\"color: #ffffff; text-shadow: 0px 2px 8px #000000;\">Salt of caliber of less than 3 mm with pink pepper, smoked paprika and hibiscus.<\/span><\/strong><\/p>\n<\/div><\/div><\/div><\/div><\/div><div class=\"fusion-fullwidth fullwidth-box fusion-builder-row-2 fusion-flex-container nonhundred-percent-fullwidth non-hundred-percent-height-scrolling\" style=\"--awb-background-position:left top;--awb-border-radius-top-left:0px;--awb-border-radius-top-right:0px;--awb-border-radius-bottom-right:0px;--awb-border-radius-bottom-left:0px;--awb-padding-top:0px;--awb-padding-right:0px;--awb-padding-bottom:0px;--awb-padding-left:0px;--awb-margin-top:50px;--awb-border-sizes-top:0px;--awb-border-sizes-bottom:0px;--awb-flex-wrap:wrap;\" ><div class=\"fusion-builder-row fusion-row fusion-flex-align-items-flex-start fusion-flex-content-wrap\" style=\"max-width:calc( 1200px + 0px );margin-left: calc(-0px \/ 2 );margin-right: calc(-0px \/ 2 );\"><div class=\"fusion-layout-column fusion_builder_column fusion-builder-column-2 fusion_builder_column_1_1 1_1 fusion-flex-column fusion-flex-align-self-flex-start fusion-column-no-min-height\" style=\"--awb-bg-size:cover;--awb-width-large:100%;--awb-margin-top-large:0px;--awb-spacing-right-large:0px;--awb-margin-bottom-large:0px;--awb-spacing-left-large:0px;--awb-width-medium:100%;--awb-spacing-right-medium:0px;--awb-spacing-left-medium:0px;--awb-width-small:100%;--awb-spacing-right-small:0px;--awb-spacing-left-small:0px;\"><div class=\"fusion-column-wrapper fusion-flex-justify-content-flex-start fusion-content-layout-column\"><style type=\"text\/css\">.fusion-portfolio-wrapper#fusion-portfolio-1 .fusion-portfolio-content{  text-align: center; }<\/style><div class=\"fusion-recent-works fusion-portfolio-element fusion-portfolio fusion-portfolio-1 fusion-portfolio-grid fusion-portfolio-paging-pagination fusion-portfolio-three fusion-portfolio-boxed fusion-portfolio-text fusion-portfolio-rollover\" data-id=\"-rw-1\" data-columns=\"three\"><style type=\"text\/css\">.fusion-portfolio-1 .fusion-portfolio-wrapper .fusion-col-spacing{padding:7.5px;}<\/style><div class=\"fusion-portfolio-wrapper\" id=\"fusion-portfolio-1\" data-picturesize=\"auto\" data-pages=\"0\" style=\"margin:-7.5px;\"><article id=\"portfolio-1-post-2344\" class=\"fusion-portfolio-post gourmet-en marsalis-en pink-fleur-de-sel-sea-salt fusion-col-spacing post-2344\"><div class=\"fusion-portfolio-content-wrapper\" style=\"border:1px solid rgba(235,234,234,0.8);border-bottom-width:3px;background-color:rgba(255,255,255,0);\"><span class=\"vcard rich-snippet-hidden\"><span class=\"fn\"><a href=\"https:\/\/www.salineraespanola.com\/en\/author\/salineraespanolaferranforteza-com\/\" title=\"Posts by WebMaster\" rel=\"author\">WebMaster<\/a><\/span><\/span><span class=\"updated rich-snippet-hidden\">2024-07-29T10:34:21+02:00<\/span><div  class=\"fusion-image-wrapper\" aria-haspopup=\"true\">\n\t\t\t\t<img decoding=\"async\" width=\"1400\" height=\"1401\" src=\"https:\/\/www.salineraespanola.com\/wp-content\/uploads\/2023\/11\/Salinera-Espanola-Flor-de-sal-con-especias-Rosea-Marsalis_100g_Vert.jpg\" class=\"attachment-full size-full lazyload wp-post-image\" alt=\"\" srcset=\"data:image\/svg+xml,%3Csvg%20xmlns%3D%27http%3A%2F%2Fwww.w3.org%2F2000%2Fsvg%27%20width%3D%271400%27%20height%3D%271401%27%20viewBox%3D%270%200%201400%201401%27%3E%3Crect%20width%3D%271400%27%20height%3D%271401%27%20fill-opacity%3D%220%22%2F%3E%3C%2Fsvg%3E\" data-orig-src=\"https:\/\/www.salineraespanola.com\/wp-content\/uploads\/2023\/11\/Salinera-Espanola-Flor-de-sal-con-especias-Rosea-Marsalis_100g_Vert.jpg\" data-srcset=\"https:\/\/www.salineraespanola.com\/wp-content\/uploads\/2023\/11\/Salinera-Espanola-Flor-de-sal-con-especias-Rosea-Marsalis_100g_Vert-200x200.jpg 200w, https:\/\/www.salineraespanola.com\/wp-content\/uploads\/2023\/11\/Salinera-Espanola-Flor-de-sal-con-especias-Rosea-Marsalis_100g_Vert-400x400.jpg 400w, https:\/\/www.salineraespanola.com\/wp-content\/uploads\/2023\/11\/Salinera-Espanola-Flor-de-sal-con-especias-Rosea-Marsalis_100g_Vert-600x600.jpg 600w, https:\/\/www.salineraespanola.com\/wp-content\/uploads\/2023\/11\/Salinera-Espanola-Flor-de-sal-con-especias-Rosea-Marsalis_100g_Vert-800x801.jpg 800w, https:\/\/www.salineraespanola.com\/wp-content\/uploads\/2023\/11\/Salinera-Espanola-Flor-de-sal-con-especias-Rosea-Marsalis_100g_Vert-1200x1201.jpg 1200w, https:\/\/www.salineraespanola.com\/wp-content\/uploads\/2023\/11\/Salinera-Espanola-Flor-de-sal-con-especias-Rosea-Marsalis_100g_Vert.jpg 1400w\" data-sizes=\"auto\" \/><div class=\"fusion-rollover\">\n\t<div class=\"fusion-rollover-content\">\n\n\t\t\t\t\n\t\t\n\t\t\t\t\t\t\t\t\n\t\t\t\t\t\t\t\t\n\t\t\n\t\t\t\t\t\t<a class=\"fusion-link-wrapper\" href=\"https:\/\/www.salineraespanola.com\/en\/portfolio-items\/marsalis-rosea-fleur-de-sel-sea-salt\/?portfolioCats=472\" aria-label=\"Marsalis Rosea fleur de sel sea salt\"><\/a>\n\t<\/div>\n<\/div>\n<\/div>\n<div class=\"fusion-portfolio-content\" style=\"background-color:rgba(255,255,255,0);\"><h2 class=\"entry-title fusion-post-title\"><a href=\"https:\/\/www.salineraespanola.com\/en\/portfolio-items\/marsalis-rosea-fleur-de-sel-sea-salt\/?portfolioCats=472\">Marsalis Rosea fleur de sel sea salt<\/a><\/h2><div class=\"fusion-post-content\"><\/div><\/div><\/div><\/article><article id=\"portfolio-1-post-2417\" class=\"fusion-portfolio-post gourmet-en pink-fleur-de-sel-sea-salt salinas-de-ibiza-en fusion-col-spacing post-2417\"><div class=\"fusion-portfolio-content-wrapper\" style=\"border:1px solid rgba(235,234,234,0.8);border-bottom-width:3px;background-color:rgba(255,255,255,0);\"><span class=\"vcard rich-snippet-hidden\"><span class=\"fn\"><a href=\"https:\/\/www.salineraespanola.com\/en\/author\/salineraespanolaferranforteza-com\/\" title=\"Posts by WebMaster\" rel=\"author\">WebMaster<\/a><\/span><\/span><span class=\"updated rich-snippet-hidden\">2024-07-29T10:36:05+02:00<\/span><div  class=\"fusion-image-wrapper\" aria-haspopup=\"true\">\n\t\t\t\t<img decoding=\"async\" width=\"1400\" height=\"1400\" src=\"https:\/\/www.salineraespanola.com\/wp-content\/uploads\/2017\/03\/Salinera-Espanola-Flor-de-sal-con-especias-Rosada-Salinas-de-Ibiza_100g_Vert.jpg\" class=\"attachment-full size-full lazyload wp-post-image\" alt=\"\" srcset=\"data:image\/svg+xml,%3Csvg%20xmlns%3D%27http%3A%2F%2Fwww.w3.org%2F2000%2Fsvg%27%20width%3D%271400%27%20height%3D%271400%27%20viewBox%3D%270%200%201400%201400%27%3E%3Crect%20width%3D%271400%27%20height%3D%271400%27%20fill-opacity%3D%220%22%2F%3E%3C%2Fsvg%3E\" data-orig-src=\"https:\/\/www.salineraespanola.com\/wp-content\/uploads\/2017\/03\/Salinera-Espanola-Flor-de-sal-con-especias-Rosada-Salinas-de-Ibiza_100g_Vert.jpg\" data-srcset=\"https:\/\/www.salineraespanola.com\/wp-content\/uploads\/2017\/03\/Salinera-Espanola-Flor-de-sal-con-especias-Rosada-Salinas-de-Ibiza_100g_Vert-200x200.jpg 200w, https:\/\/www.salineraespanola.com\/wp-content\/uploads\/2017\/03\/Salinera-Espanola-Flor-de-sal-con-especias-Rosada-Salinas-de-Ibiza_100g_Vert-400x400.jpg 400w, https:\/\/www.salineraespanola.com\/wp-content\/uploads\/2017\/03\/Salinera-Espanola-Flor-de-sal-con-especias-Rosada-Salinas-de-Ibiza_100g_Vert-600x600.jpg 600w, https:\/\/www.salineraespanola.com\/wp-content\/uploads\/2017\/03\/Salinera-Espanola-Flor-de-sal-con-especias-Rosada-Salinas-de-Ibiza_100g_Vert-800x800.jpg 800w, https:\/\/www.salineraespanola.com\/wp-content\/uploads\/2017\/03\/Salinera-Espanola-Flor-de-sal-con-especias-Rosada-Salinas-de-Ibiza_100g_Vert-1200x1200.jpg 1200w, https:\/\/www.salineraespanola.com\/wp-content\/uploads\/2017\/03\/Salinera-Espanola-Flor-de-sal-con-especias-Rosada-Salinas-de-Ibiza_100g_Vert.jpg 1400w\" data-sizes=\"auto\" \/><div class=\"fusion-rollover\">\n\t<div class=\"fusion-rollover-content\">\n\n\t\t\t\t\n\t\t\n\t\t\t\t\t\t\t\t\n\t\t\t\t\t\t\t\t\n\t\t\n\t\t\t\t\t\t<a class=\"fusion-link-wrapper\" href=\"https:\/\/www.salineraespanola.com\/en\/portfolio-items\/salinas-de-ibiza-pink-fleur-de-sel-sea-salt\/?portfolioCats=472\" aria-label=\"Salinas de Ibiza pink fleur de sel sea salt\"><\/a>\n\t<\/div>\n<\/div>\n<\/div>\n<div class=\"fusion-portfolio-content\" style=\"background-color:rgba(255,255,255,0);\"><h2 class=\"entry-title fusion-post-title\"><a href=\"https:\/\/www.salineraespanola.com\/en\/portfolio-items\/salinas-de-ibiza-pink-fleur-de-sel-sea-salt\/?portfolioCats=472\">Salinas de Ibiza pink fleur de sel sea salt<\/a><\/h2><div class=\"fusion-post-content\"><\/div><\/div><\/div><\/article><\/div><\/div><\/div><\/div><\/div><\/div><\/p>\n","protected":false},"excerpt":{"rendered":"","protected":false},"author":25,"featured_media":3009,"parent":1806,"menu_order":0,"comment_status":"closed","ping_status":"closed","template":"100-width.php","meta":{"footnotes":""},"class_list":["post-3465","page","type-page","status-publish","has-post-thumbnail","hentry"],"yoast_head":"<!-- This site is optimized with the Yoast SEO plugin v27.4 - https:\/\/yoast.com\/product\/yoast-seo-wordpress\/ -->\n<title>Pink fleur de sel sea salt<\/title>\n<meta name=\"description\" content=\"Salt of caliber of less than 3 mm with pink pepper, smoked paprika and hibiscus.\" \/>\n<meta name=\"robots\" content=\"index, follow, max-snippet:-1, max-image-preview:large, max-video-preview:-1\" \/>\n<link rel=\"canonical\" href=\"https:\/\/www.salineraespanola.com\/en\/products\/pink-fleur-de-sel-sea-salt\/\" \/>\n<meta property=\"og:locale\" content=\"en_US\" \/>\n<meta property=\"og:type\" content=\"article\" \/>\n<meta property=\"og:title\" content=\"Pink fleur de sel sea salt\" \/>\n<meta property=\"og:description\" content=\"Salt of caliber of less than 3 mm with pink pepper, smoked paprika and hibiscus.\" \/>\n<meta property=\"og:url\" content=\"https:\/\/www.salineraespanola.com\/en\/products\/pink-fleur-de-sel-sea-salt\/\" \/>\n<meta property=\"og:site_name\" content=\"Salinera Espa\u00f1ola\" \/>\n<meta property=\"article:publisher\" content=\"https:\/\/www.facebook.com\/SalineraEspanola\" \/>\n<meta property=\"article:modified_time\" content=\"2017-10-12T12:03:24+00:00\" \/>\n<meta property=\"og:image\" content=\"https:\/\/www.salineraespanola.com\/wp-content\/uploads\/2017\/09\/Salinera-Espanola_Muestra-Flor-de-sal-rosa_previo.jpg\" \/>\n\t<meta property=\"og:image:width\" content=\"1500\" \/>\n\t<meta property=\"og:image:height\" content=\"844\" \/>\n\t<meta property=\"og:image:type\" content=\"image\/jpeg\" \/>\n<meta name=\"twitter:card\" content=\"summary_large_image\" \/>\n<meta name=\"twitter:label1\" content=\"Est. reading time\" \/>\n\t<meta name=\"twitter:data1\" content=\"3 minutes\" \/>\n<script type=\"application\/ld+json\" class=\"yoast-schema-graph\">{\"@context\":\"https:\\\/\\\/schema.org\",\"@graph\":[{\"@type\":\"WebPage\",\"@id\":\"https:\\\/\\\/www.salineraespanola.com\\\/en\\\/products\\\/pink-fleur-de-sel-sea-salt\\\/\",\"url\":\"https:\\\/\\\/www.salineraespanola.com\\\/en\\\/products\\\/pink-fleur-de-sel-sea-salt\\\/\",\"name\":\"Pink fleur de sel sea salt\",\"isPartOf\":{\"@id\":\"https:\\\/\\\/www.salineraespanola.com\\\/en\\\/#website\"},\"primaryImageOfPage\":{\"@id\":\"https:\\\/\\\/www.salineraespanola.com\\\/en\\\/products\\\/pink-fleur-de-sel-sea-salt\\\/#primaryimage\"},\"image\":{\"@id\":\"https:\\\/\\\/www.salineraespanola.com\\\/en\\\/products\\\/pink-fleur-de-sel-sea-salt\\\/#primaryimage\"},\"thumbnailUrl\":\"https:\\\/\\\/www.salineraespanola.com\\\/wp-content\\\/uploads\\\/2017\\\/09\\\/Salinera-Espanola_Muestra-Flor-de-sal-rosa_previo.jpg\",\"datePublished\":\"2017-10-03T17:40:15+00:00\",\"dateModified\":\"2017-10-12T12:03:24+00:00\",\"description\":\"Salt of caliber of less than 3 mm with pink pepper, smoked paprika and hibiscus.\",\"breadcrumb\":{\"@id\":\"https:\\\/\\\/www.salineraespanola.com\\\/en\\\/products\\\/pink-fleur-de-sel-sea-salt\\\/#breadcrumb\"},\"inLanguage\":\"en-US\",\"potentialAction\":[{\"@type\":\"ReadAction\",\"target\":[\"https:\\\/\\\/www.salineraespanola.com\\\/en\\\/products\\\/pink-fleur-de-sel-sea-salt\\\/\"]}]},{\"@type\":\"ImageObject\",\"inLanguage\":\"en-US\",\"@id\":\"https:\\\/\\\/www.salineraespanola.com\\\/en\\\/products\\\/pink-fleur-de-sel-sea-salt\\\/#primaryimage\",\"url\":\"https:\\\/\\\/www.salineraespanola.com\\\/wp-content\\\/uploads\\\/2017\\\/09\\\/Salinera-Espanola_Muestra-Flor-de-sal-rosa_previo.jpg\",\"contentUrl\":\"https:\\\/\\\/www.salineraespanola.com\\\/wp-content\\\/uploads\\\/2017\\\/09\\\/Salinera-Espanola_Muestra-Flor-de-sal-rosa_previo.jpg\",\"width\":1500,\"height\":844,\"caption\":\"Muestra de Flor de Sal Rosa_previo\"},{\"@type\":\"BreadcrumbList\",\"@id\":\"https:\\\/\\\/www.salineraespanola.com\\\/en\\\/products\\\/pink-fleur-de-sel-sea-salt\\\/#breadcrumb\",\"itemListElement\":[{\"@type\":\"ListItem\",\"position\":1,\"name\":\"Portada\",\"item\":\"https:\\\/\\\/www.salineraespanola.com\\\/en\\\/\"},{\"@type\":\"ListItem\",\"position\":2,\"name\":\"Products\",\"item\":\"https:\\\/\\\/www.salineraespanola.com\\\/en\\\/productos\\\/\"},{\"@type\":\"ListItem\",\"position\":3,\"name\":\"Pink fleur de sel sea salt\"}]},{\"@type\":\"WebSite\",\"@id\":\"https:\\\/\\\/www.salineraespanola.com\\\/en\\\/#website\",\"url\":\"https:\\\/\\\/www.salineraespanola.com\\\/en\\\/\",\"name\":\"Salinera Espa\u00f1ola\",\"description\":\"Elaboraci\u00f3n y manipulaci\u00f3n de sal de alta calidad\",\"publisher\":{\"@id\":\"https:\\\/\\\/www.salineraespanola.com\\\/en\\\/#organization\"},\"alternateName\":\"Salinera Esp.\",\"potentialAction\":[{\"@type\":\"SearchAction\",\"target\":{\"@type\":\"EntryPoint\",\"urlTemplate\":\"https:\\\/\\\/www.salineraespanola.com\\\/en\\\/?s={search_term_string}\"},\"query-input\":{\"@type\":\"PropertyValueSpecification\",\"valueRequired\":true,\"valueName\":\"search_term_string\"}}],\"inLanguage\":\"en-US\"},{\"@type\":\"Organization\",\"@id\":\"https:\\\/\\\/www.salineraespanola.com\\\/en\\\/#organization\",\"name\":\"Salinera Espa\u00f1ola\",\"alternateName\":\"Salinera Esp.\",\"url\":\"https:\\\/\\\/www.salineraespanola.com\\\/en\\\/\",\"logo\":{\"@type\":\"ImageObject\",\"inLanguage\":\"en-US\",\"@id\":\"https:\\\/\\\/www.salineraespanola.com\\\/en\\\/#\\\/schema\\\/logo\\\/image\\\/\",\"url\":\"https:\\\/\\\/www.salineraespanola.com\\\/wp-content\\\/uploads\\\/2013\\\/05\\\/Salinera-logo-200.png\",\"contentUrl\":\"https:\\\/\\\/www.salineraespanola.com\\\/wp-content\\\/uploads\\\/2013\\\/05\\\/Salinera-logo-200.png\",\"width\":200,\"height\":85,\"caption\":\"Salinera Espa\u00f1ola\"},\"image\":{\"@id\":\"https:\\\/\\\/www.salineraespanola.com\\\/en\\\/#\\\/schema\\\/logo\\\/image\\\/\"},\"sameAs\":[\"https:\\\/\\\/www.facebook.com\\\/SalineraEspanola\",\"https:\\\/\\\/www.instagram.com\\\/salineraespanola\\\/\"]}]}<\/script>\n<!-- \/ Yoast SEO plugin. -->","yoast_head_json":{"title":"Pink fleur de sel sea salt","description":"Salt of caliber of less than 3 mm with pink pepper, smoked paprika and hibiscus.","robots":{"index":"index","follow":"follow","max-snippet":"max-snippet:-1","max-image-preview":"max-image-preview:large","max-video-preview":"max-video-preview:-1"},"canonical":"https:\/\/www.salineraespanola.com\/en\/products\/pink-fleur-de-sel-sea-salt\/","og_locale":"en_US","og_type":"article","og_title":"Pink fleur de sel sea salt","og_description":"Salt of caliber of less than 3 mm with pink pepper, smoked paprika and hibiscus.","og_url":"https:\/\/www.salineraespanola.com\/en\/products\/pink-fleur-de-sel-sea-salt\/","og_site_name":"Salinera Espa\u00f1ola","article_publisher":"https:\/\/www.facebook.com\/SalineraEspanola","article_modified_time":"2017-10-12T12:03:24+00:00","og_image":[{"width":1500,"height":844,"url":"https:\/\/www.salineraespanola.com\/wp-content\/uploads\/2017\/09\/Salinera-Espanola_Muestra-Flor-de-sal-rosa_previo.jpg","type":"image\/jpeg"}],"twitter_card":"summary_large_image","twitter_misc":{"Est. reading time":"3 minutes"},"schema":{"@context":"https:\/\/schema.org","@graph":[{"@type":"WebPage","@id":"https:\/\/www.salineraespanola.com\/en\/products\/pink-fleur-de-sel-sea-salt\/","url":"https:\/\/www.salineraespanola.com\/en\/products\/pink-fleur-de-sel-sea-salt\/","name":"Pink fleur de sel sea salt","isPartOf":{"@id":"https:\/\/www.salineraespanola.com\/en\/#website"},"primaryImageOfPage":{"@id":"https:\/\/www.salineraespanola.com\/en\/products\/pink-fleur-de-sel-sea-salt\/#primaryimage"},"image":{"@id":"https:\/\/www.salineraespanola.com\/en\/products\/pink-fleur-de-sel-sea-salt\/#primaryimage"},"thumbnailUrl":"https:\/\/www.salineraespanola.com\/wp-content\/uploads\/2017\/09\/Salinera-Espanola_Muestra-Flor-de-sal-rosa_previo.jpg","datePublished":"2017-10-03T17:40:15+00:00","dateModified":"2017-10-12T12:03:24+00:00","description":"Salt of caliber of less than 3 mm with pink pepper, smoked paprika and hibiscus.","breadcrumb":{"@id":"https:\/\/www.salineraespanola.com\/en\/products\/pink-fleur-de-sel-sea-salt\/#breadcrumb"},"inLanguage":"en-US","potentialAction":[{"@type":"ReadAction","target":["https:\/\/www.salineraespanola.com\/en\/products\/pink-fleur-de-sel-sea-salt\/"]}]},{"@type":"ImageObject","inLanguage":"en-US","@id":"https:\/\/www.salineraespanola.com\/en\/products\/pink-fleur-de-sel-sea-salt\/#primaryimage","url":"https:\/\/www.salineraespanola.com\/wp-content\/uploads\/2017\/09\/Salinera-Espanola_Muestra-Flor-de-sal-rosa_previo.jpg","contentUrl":"https:\/\/www.salineraespanola.com\/wp-content\/uploads\/2017\/09\/Salinera-Espanola_Muestra-Flor-de-sal-rosa_previo.jpg","width":1500,"height":844,"caption":"Muestra de Flor de Sal Rosa_previo"},{"@type":"BreadcrumbList","@id":"https:\/\/www.salineraespanola.com\/en\/products\/pink-fleur-de-sel-sea-salt\/#breadcrumb","itemListElement":[{"@type":"ListItem","position":1,"name":"Portada","item":"https:\/\/www.salineraespanola.com\/en\/"},{"@type":"ListItem","position":2,"name":"Products","item":"https:\/\/www.salineraespanola.com\/en\/productos\/"},{"@type":"ListItem","position":3,"name":"Pink fleur de sel sea salt"}]},{"@type":"WebSite","@id":"https:\/\/www.salineraespanola.com\/en\/#website","url":"https:\/\/www.salineraespanola.com\/en\/","name":"Salinera Espa\u00f1ola","description":"Elaboraci\u00f3n y manipulaci\u00f3n de sal de alta calidad","publisher":{"@id":"https:\/\/www.salineraespanola.com\/en\/#organization"},"alternateName":"Salinera Esp.","potentialAction":[{"@type":"SearchAction","target":{"@type":"EntryPoint","urlTemplate":"https:\/\/www.salineraespanola.com\/en\/?s={search_term_string}"},"query-input":{"@type":"PropertyValueSpecification","valueRequired":true,"valueName":"search_term_string"}}],"inLanguage":"en-US"},{"@type":"Organization","@id":"https:\/\/www.salineraespanola.com\/en\/#organization","name":"Salinera Espa\u00f1ola","alternateName":"Salinera Esp.","url":"https:\/\/www.salineraespanola.com\/en\/","logo":{"@type":"ImageObject","inLanguage":"en-US","@id":"https:\/\/www.salineraespanola.com\/en\/#\/schema\/logo\/image\/","url":"https:\/\/www.salineraespanola.com\/wp-content\/uploads\/2013\/05\/Salinera-logo-200.png","contentUrl":"https:\/\/www.salineraespanola.com\/wp-content\/uploads\/2013\/05\/Salinera-logo-200.png","width":200,"height":85,"caption":"Salinera Espa\u00f1ola"},"image":{"@id":"https:\/\/www.salineraespanola.com\/en\/#\/schema\/logo\/image\/"},"sameAs":["https:\/\/www.facebook.com\/SalineraEspanola","https:\/\/www.instagram.com\/salineraespanola\/"]}]}},"_links":{"self":[{"href":"https:\/\/www.salineraespanola.com\/en\/wp-json\/wp\/v2\/pages\/3465","targetHints":{"allow":["GET"]}}],"collection":[{"href":"https:\/\/www.salineraespanola.com\/en\/wp-json\/wp\/v2\/pages"}],"about":[{"href":"https:\/\/www.salineraespanola.com\/en\/wp-json\/wp\/v2\/types\/page"}],"author":[{"embeddable":true,"href":"https:\/\/www.salineraespanola.com\/en\/wp-json\/wp\/v2\/users\/25"}],"replies":[{"embeddable":true,"href":"https:\/\/www.salineraespanola.com\/en\/wp-json\/wp\/v2\/comments?post=3465"}],"version-history":[{"count":1,"href":"https:\/\/www.salineraespanola.com\/en\/wp-json\/wp\/v2\/pages\/3465\/revisions"}],"predecessor-version":[{"id":3467,"href":"https:\/\/www.salineraespanola.com\/en\/wp-json\/wp\/v2\/pages\/3465\/revisions\/3467"}],"up":[{"embeddable":true,"href":"https:\/\/www.salineraespanola.com\/en\/wp-json\/wp\/v2\/pages\/1806"}],"wp:featuredmedia":[{"embeddable":true,"href":"https:\/\/www.salineraespanola.com\/en\/wp-json\/wp\/v2\/media\/3009"}],"wp:attachment":[{"href":"https:\/\/www.salineraespanola.com\/en\/wp-json\/wp\/v2\/media?parent=3465"}],"curies":[{"name":"wp","href":"https:\/\/api.w.org\/{rel}","templated":true}]}}