{"id":2603,"date":"2017-04-01T16:32:07","date_gmt":"2017-04-01T14:32:07","guid":{"rendered":"https:\/\/www.salineraespanola.com\/producto\/marsalis-qualia-sunt-salis-pack\/"},"modified":"2024-02-16T13:23:05","modified_gmt":"2024-02-16T12:23:05","slug":"pack-6-units-gift-set-marsalis","status":"publish","type":"product","link":"https:\/\/www.salineraespanola.com\/en\/producto\/pack-6-units-gift-set-marsalis\/","title":{"rendered":"Pack 6 Units Gift Set Marsalis"},"content":{"rendered":"","protected":false},"excerpt":{"rendered":"<p><b>Pack 6 Units Gift Set Marsalis <\/b><\/p>\n<p>Presentation pack with all the Marsalis fleur de sel sea salt products with herbs and spices:<\/p>\n<ul>\n<li>Marsalis IV Piperis fleur de sel sea salt<\/li>\n<li>Marsalis Orientalem fleur de sel sea salt<\/li>\n<li>Marsalis Rosea fleur de sel sea salt<\/li>\n<li>Marsalis Barbecue fleur de sel sea salt<\/li>\n<li>Marsalis Naturalis fleur de sel sea salt<\/li>\n<\/ul>\n<p>Presented in a practical box with an attractive design, ideal as a gift.<\/p>\n<p>Pack with 6 cylindrical salt shakers made of 100% recyclable cardboard of 100g.<\/p>\n","protected":false},"featured_media":82861,"comment_status":"closed","ping_status":"closed","template":"","meta":[],"product_brand":[],"product_cat":[253,256],"product_tag":[281,273,397,268,402,400,406,399,403,401,404,398,405,407,279,295,266,302,265],"class_list":{"0":"post-2603","1":"product","2":"type-product","3":"status-publish","4":"has-post-thumbnail","6":"product_cat-gourmet-product","7":"product_cat-marsalis-en","8":"product_tag-black-salt","9":"product_tag-fleur-de-sel","10":"product_tag-gift","11":"product_tag-pack","12":"product_tag-seasoning-carpaccio","13":"product_tag-seasoning-fish","14":"product_tag-seasoning-galician-style-octopus","15":"product_tag-seasoning-meats","16":"product_tag-seasoning-pasta","17":"product_tag-seasoning-salads","18":"product_tag-seasoning-sauces","19":"product_tag-seasoning-shellfish","20":"product_tag-seasoning-soft-cheese","21":"product_tag-seasoning-vegetables","22":"product_tag-spherical-salt-shaker","23":"product_tag-with-active-carbon","24":"product_tag-with-herbs","25":"product_tag-with-pink-pepper","26":"product_tag-with-spices","28":"first","29":"instock","30":"taxable","31":"shipping-taxable","32":"purchasable","33":"product-type-simple"},"yoast_head":"<!-- This site is optimized with the Yoast SEO plugin v27.5 - https:\/\/yoast.com\/product\/yoast-seo-wordpress\/ -->\n<title>Pack 6 Units Gift Set Marsalis - Salinera Espa\u00f1ola<\/title>\n<meta name=\"robots\" content=\"index, follow, max-snippet:-1, max-image-preview:large, max-video-preview:-1\" \/>\n<link rel=\"canonical\" href=\"https:\/\/www.salineraespanola.com\/en\/producto\/pack-6-units-gift-set-marsalis\/\" \/>\n<meta property=\"og:locale\" content=\"en_US\" \/>\n<meta property=\"og:type\" content=\"article\" \/>\n<meta property=\"og:title\" content=\"Pack 6 Units Gift Set Marsalis - Salinera Espa\u00f1ola\" \/>\n<meta property=\"og:description\" content=\"Pack 6 Units Gift Set Marsalis   Presentation pack with all the Marsalis fleur de sel sea salt products with herbs and spices:   Marsalis IV Piperis fleur de sel sea salt  Marsalis Orientalem fleur de sel sea salt  Marsalis Rosea fleur de sel sea salt  Marsalis Barbecue fleur de sel sea salt  Marsalis Naturalis fleur de sel sea salt  Presented in a practical box with an attractive design, ideal as a gift.  Pack with 6 cylindrical salt shakers made of 100% recyclable cardboard of 100g.\" \/>\n<meta property=\"og:url\" content=\"https:\/\/www.salineraespanola.com\/en\/producto\/pack-6-units-gift-set-marsalis\/\" \/>\n<meta property=\"og:site_name\" content=\"Salinera Espa\u00f1ola\" \/>\n<meta property=\"article:publisher\" content=\"https:\/\/www.facebook.com\/SalineraEspanola\" \/>\n<meta property=\"article:modified_time\" content=\"2024-02-16T12:23:05+00:00\" \/>\n<meta property=\"og:image\" content=\"https:\/\/www.salineraespanola.com\/wp-content\/uploads\/2023\/11\/Salinera-Espanola-Gift-Set-6-unidades-Marsalis_9.jpg\" \/>\n\t<meta property=\"og:image:width\" content=\"1400\" \/>\n\t<meta property=\"og:image:height\" content=\"1400\" \/>\n\t<meta property=\"og:image:type\" content=\"image\/jpeg\" \/>\n<meta name=\"twitter:card\" content=\"summary_large_image\" \/>\n<script type=\"application\/ld+json\" class=\"yoast-schema-graph\">{\"@context\":\"https:\\\/\\\/schema.org\",\"@graph\":[{\"@type\":\"WebPage\",\"@id\":\"https:\\\/\\\/www.salineraespanola.com\\\/en\\\/producto\\\/pack-6-units-gift-set-marsalis\\\/\",\"url\":\"https:\\\/\\\/www.salineraespanola.com\\\/en\\\/producto\\\/pack-6-units-gift-set-marsalis\\\/\",\"name\":\"Pack 6 Units Gift Set Marsalis - Salinera Espa\u00f1ola\",\"isPartOf\":{\"@id\":\"https:\\\/\\\/www.salineraespanola.com\\\/en\\\/#website\"},\"primaryImageOfPage\":{\"@id\":\"https:\\\/\\\/www.salineraespanola.com\\\/en\\\/producto\\\/pack-6-units-gift-set-marsalis\\\/#primaryimage\"},\"image\":{\"@id\":\"https:\\\/\\\/www.salineraespanola.com\\\/en\\\/producto\\\/pack-6-units-gift-set-marsalis\\\/#primaryimage\"},\"thumbnailUrl\":\"https:\\\/\\\/www.salineraespanola.com\\\/wp-content\\\/uploads\\\/2023\\\/11\\\/Salinera-Espanola-Gift-Set-6-unidades-Marsalis_9.jpg\",\"datePublished\":\"2017-04-01T14:32:07+00:00\",\"dateModified\":\"2024-02-16T12:23:05+00:00\",\"breadcrumb\":{\"@id\":\"https:\\\/\\\/www.salineraespanola.com\\\/en\\\/producto\\\/pack-6-units-gift-set-marsalis\\\/#breadcrumb\"},\"inLanguage\":\"en-US\",\"potentialAction\":[{\"@type\":\"ReadAction\",\"target\":[\"https:\\\/\\\/www.salineraespanola.com\\\/en\\\/producto\\\/pack-6-units-gift-set-marsalis\\\/\"]}]},{\"@type\":\"ImageObject\",\"inLanguage\":\"en-US\",\"@id\":\"https:\\\/\\\/www.salineraespanola.com\\\/en\\\/producto\\\/pack-6-units-gift-set-marsalis\\\/#primaryimage\",\"url\":\"https:\\\/\\\/www.salineraespanola.com\\\/wp-content\\\/uploads\\\/2023\\\/11\\\/Salinera-Espanola-Gift-Set-6-unidades-Marsalis_9.jpg\",\"contentUrl\":\"https:\\\/\\\/www.salineraespanola.com\\\/wp-content\\\/uploads\\\/2023\\\/11\\\/Salinera-Espanola-Gift-Set-6-unidades-Marsalis_9.jpg\",\"width\":1400,\"height\":1400,\"caption\":\"Pack 6 Unidades Gitf Set Marsalis\"},{\"@type\":\"BreadcrumbList\",\"@id\":\"https:\\\/\\\/www.salineraespanola.com\\\/en\\\/producto\\\/pack-6-units-gift-set-marsalis\\\/#breadcrumb\",\"itemListElement\":[{\"@type\":\"ListItem\",\"position\":1,\"name\":\"Portada\",\"item\":\"https:\\\/\\\/www.salineraespanola.com\\\/en\\\/\"},{\"@type\":\"ListItem\",\"position\":2,\"name\":\"Shop\",\"item\":\"https:\\\/\\\/www.salineraespanola.com\\\/en\\\/shop\\\/\"},{\"@type\":\"ListItem\",\"position\":3,\"name\":\"Pack 6 Units Gift Set Marsalis\"}]},{\"@type\":\"WebSite\",\"@id\":\"https:\\\/\\\/www.salineraespanola.com\\\/en\\\/#website\",\"url\":\"https:\\\/\\\/www.salineraespanola.com\\\/en\\\/\",\"name\":\"Salinera Espa\u00f1ola\",\"description\":\"Elaboraci\u00f3n y manipulaci\u00f3n de sal de alta calidad\",\"publisher\":{\"@id\":\"https:\\\/\\\/www.salineraespanola.com\\\/en\\\/#organization\"},\"alternateName\":\"Salinera Esp.\",\"potentialAction\":[{\"@type\":\"SearchAction\",\"target\":{\"@type\":\"EntryPoint\",\"urlTemplate\":\"https:\\\/\\\/www.salineraespanola.com\\\/en\\\/?s={search_term_string}\"},\"query-input\":{\"@type\":\"PropertyValueSpecification\",\"valueRequired\":true,\"valueName\":\"search_term_string\"}}],\"inLanguage\":\"en-US\"},{\"@type\":\"Organization\",\"@id\":\"https:\\\/\\\/www.salineraespanola.com\\\/en\\\/#organization\",\"name\":\"Salinera Espa\u00f1ola\",\"alternateName\":\"Salinera Esp.\",\"url\":\"https:\\\/\\\/www.salineraespanola.com\\\/en\\\/\",\"logo\":{\"@type\":\"ImageObject\",\"inLanguage\":\"en-US\",\"@id\":\"https:\\\/\\\/www.salineraespanola.com\\\/en\\\/#\\\/schema\\\/logo\\\/image\\\/\",\"url\":\"https:\\\/\\\/www.salineraespanola.com\\\/wp-content\\\/uploads\\\/2013\\\/05\\\/Salinera-logo-200.png\",\"contentUrl\":\"https:\\\/\\\/www.salineraespanola.com\\\/wp-content\\\/uploads\\\/2013\\\/05\\\/Salinera-logo-200.png\",\"width\":200,\"height\":85,\"caption\":\"Salinera Espa\u00f1ola\"},\"image\":{\"@id\":\"https:\\\/\\\/www.salineraespanola.com\\\/en\\\/#\\\/schema\\\/logo\\\/image\\\/\"},\"sameAs\":[\"https:\\\/\\\/www.facebook.com\\\/SalineraEspanola\",\"https:\\\/\\\/www.instagram.com\\\/salineraespanola\\\/\"]}]}<\/script>\n<!-- \/ Yoast SEO plugin. -->","yoast_head_json":{"title":"Pack 6 Units Gift Set Marsalis - Salinera Espa\u00f1ola","robots":{"index":"index","follow":"follow","max-snippet":"max-snippet:-1","max-image-preview":"max-image-preview:large","max-video-preview":"max-video-preview:-1"},"canonical":"https:\/\/www.salineraespanola.com\/en\/producto\/pack-6-units-gift-set-marsalis\/","og_locale":"en_US","og_type":"article","og_title":"Pack 6 Units Gift Set Marsalis - Salinera Espa\u00f1ola","og_description":"Pack 6 Units Gift Set Marsalis   Presentation pack with all the Marsalis fleur de sel sea salt products with herbs and spices:   Marsalis IV Piperis fleur de sel sea salt  Marsalis Orientalem fleur de sel sea salt  Marsalis Rosea fleur de sel sea salt  Marsalis Barbecue fleur de sel sea salt  Marsalis Naturalis fleur de sel sea salt  Presented in a practical box with an attractive design, ideal as a gift.  Pack with 6 cylindrical salt shakers made of 100% recyclable cardboard of 100g.","og_url":"https:\/\/www.salineraespanola.com\/en\/producto\/pack-6-units-gift-set-marsalis\/","og_site_name":"Salinera Espa\u00f1ola","article_publisher":"https:\/\/www.facebook.com\/SalineraEspanola","article_modified_time":"2024-02-16T12:23:05+00:00","og_image":[{"width":1400,"height":1400,"url":"https:\/\/www.salineraespanola.com\/wp-content\/uploads\/2023\/11\/Salinera-Espanola-Gift-Set-6-unidades-Marsalis_9.jpg","type":"image\/jpeg"}],"twitter_card":"summary_large_image","schema":{"@context":"https:\/\/schema.org","@graph":[{"@type":"WebPage","@id":"https:\/\/www.salineraespanola.com\/en\/producto\/pack-6-units-gift-set-marsalis\/","url":"https:\/\/www.salineraespanola.com\/en\/producto\/pack-6-units-gift-set-marsalis\/","name":"Pack 6 Units Gift Set Marsalis - Salinera Espa\u00f1ola","isPartOf":{"@id":"https:\/\/www.salineraespanola.com\/en\/#website"},"primaryImageOfPage":{"@id":"https:\/\/www.salineraespanola.com\/en\/producto\/pack-6-units-gift-set-marsalis\/#primaryimage"},"image":{"@id":"https:\/\/www.salineraespanola.com\/en\/producto\/pack-6-units-gift-set-marsalis\/#primaryimage"},"thumbnailUrl":"https:\/\/www.salineraespanola.com\/wp-content\/uploads\/2023\/11\/Salinera-Espanola-Gift-Set-6-unidades-Marsalis_9.jpg","datePublished":"2017-04-01T14:32:07+00:00","dateModified":"2024-02-16T12:23:05+00:00","breadcrumb":{"@id":"https:\/\/www.salineraespanola.com\/en\/producto\/pack-6-units-gift-set-marsalis\/#breadcrumb"},"inLanguage":"en-US","potentialAction":[{"@type":"ReadAction","target":["https:\/\/www.salineraespanola.com\/en\/producto\/pack-6-units-gift-set-marsalis\/"]}]},{"@type":"ImageObject","inLanguage":"en-US","@id":"https:\/\/www.salineraespanola.com\/en\/producto\/pack-6-units-gift-set-marsalis\/#primaryimage","url":"https:\/\/www.salineraespanola.com\/wp-content\/uploads\/2023\/11\/Salinera-Espanola-Gift-Set-6-unidades-Marsalis_9.jpg","contentUrl":"https:\/\/www.salineraespanola.com\/wp-content\/uploads\/2023\/11\/Salinera-Espanola-Gift-Set-6-unidades-Marsalis_9.jpg","width":1400,"height":1400,"caption":"Pack 6 Unidades Gitf Set Marsalis"},{"@type":"BreadcrumbList","@id":"https:\/\/www.salineraespanola.com\/en\/producto\/pack-6-units-gift-set-marsalis\/#breadcrumb","itemListElement":[{"@type":"ListItem","position":1,"name":"Portada","item":"https:\/\/www.salineraespanola.com\/en\/"},{"@type":"ListItem","position":2,"name":"Shop","item":"https:\/\/www.salineraespanola.com\/en\/shop\/"},{"@type":"ListItem","position":3,"name":"Pack 6 Units Gift Set Marsalis"}]},{"@type":"WebSite","@id":"https:\/\/www.salineraespanola.com\/en\/#website","url":"https:\/\/www.salineraespanola.com\/en\/","name":"Salinera Espa\u00f1ola","description":"Elaboraci\u00f3n y manipulaci\u00f3n de sal de alta calidad","publisher":{"@id":"https:\/\/www.salineraespanola.com\/en\/#organization"},"alternateName":"Salinera Esp.","potentialAction":[{"@type":"SearchAction","target":{"@type":"EntryPoint","urlTemplate":"https:\/\/www.salineraespanola.com\/en\/?s={search_term_string}"},"query-input":{"@type":"PropertyValueSpecification","valueRequired":true,"valueName":"search_term_string"}}],"inLanguage":"en-US"},{"@type":"Organization","@id":"https:\/\/www.salineraespanola.com\/en\/#organization","name":"Salinera Espa\u00f1ola","alternateName":"Salinera Esp.","url":"https:\/\/www.salineraespanola.com\/en\/","logo":{"@type":"ImageObject","inLanguage":"en-US","@id":"https:\/\/www.salineraespanola.com\/en\/#\/schema\/logo\/image\/","url":"https:\/\/www.salineraespanola.com\/wp-content\/uploads\/2013\/05\/Salinera-logo-200.png","contentUrl":"https:\/\/www.salineraespanola.com\/wp-content\/uploads\/2013\/05\/Salinera-logo-200.png","width":200,"height":85,"caption":"Salinera Espa\u00f1ola"},"image":{"@id":"https:\/\/www.salineraespanola.com\/en\/#\/schema\/logo\/image\/"},"sameAs":["https:\/\/www.facebook.com\/SalineraEspanola","https:\/\/www.instagram.com\/salineraespanola\/"]}]}},"_links":{"self":[{"href":"https:\/\/www.salineraespanola.com\/en\/wp-json\/wp\/v2\/product\/2603","targetHints":{"allow":["GET"]}}],"collection":[{"href":"https:\/\/www.salineraespanola.com\/en\/wp-json\/wp\/v2\/product"}],"about":[{"href":"https:\/\/www.salineraespanola.com\/en\/wp-json\/wp\/v2\/types\/product"}],"replies":[{"embeddable":true,"href":"https:\/\/www.salineraespanola.com\/en\/wp-json\/wp\/v2\/comments?post=2603"}],"wp:featuredmedia":[{"embeddable":true,"href":"https:\/\/www.salineraespanola.com\/en\/wp-json\/wp\/v2\/media\/82861"}],"wp:attachment":[{"href":"https:\/\/www.salineraespanola.com\/en\/wp-json\/wp\/v2\/media?parent=2603"}],"wp:term":[{"taxonomy":"product_brand","embeddable":true,"href":"https:\/\/www.salineraespanola.com\/en\/wp-json\/wp\/v2\/product_brand?post=2603"},{"taxonomy":"product_cat","embeddable":true,"href":"https:\/\/www.salineraespanola.com\/en\/wp-json\/wp\/v2\/product_cat?post=2603"},{"taxonomy":"product_tag","embeddable":true,"href":"https:\/\/www.salineraespanola.com\/en\/wp-json\/wp\/v2\/product_tag?post=2603"}],"curies":[{"name":"wp","href":"https:\/\/api.w.org\/{rel}","templated":true}]}}