{"id":2604,"date":"2017-03-23T18:40:39","date_gmt":"2017-03-23T17:40:39","guid":{"rendered":"https:\/\/www.salineraespanola.com\/producto\/salinas-de-ibiza-pack-6-flavours\/"},"modified":"2024-02-26T18:23:35","modified_gmt":"2024-02-26T17:23:35","slug":"pack-6-units-gift-set-salinas-de-ibiza","status":"publish","type":"product","link":"https:\/\/www.salineraespanola.com\/en\/producto\/pack-6-units-gift-set-salinas-de-ibiza\/","title":{"rendered":"Pack 6 units Gift Set Salinas de Ibiza"},"content":{"rendered":"","protected":false},"excerpt":{"rendered":"<p>Presentation pack with all the Salinas de Ibiza sea salt products with spices:<\/p>\n<ul>\n<li>Fleur de sel sea salt with citrus<\/li>\n<li>Pink fleur de sel sea salt<\/li>\n<li>Fleur de sel sea salt with aromatic herbs<\/li>\n<li>With spices Barbecue<\/li>\n<li>Coarse Sea Salt<\/li>\n<li>Fleur de sel sea salt<\/li>\n<\/ul>\n<p>Presented in a practical box with an attractive design, ideal as a gift.<\/p>\n<p>Pack with 6 cylindrical salt shakers made of 100% recyclable cardboard of 100g.<\/p>\n","protected":false},"featured_media":82919,"comment_status":"open","ping_status":"closed","template":"","meta":[],"product_brand":[],"product_cat":[253,261],"product_tag":[409,292,408,273,397,268,276,267,265],"class_list":{"0":"post-2604","1":"product","2":"type-product","3":"status-publish","4":"has-post-thumbnail","6":"product_cat-gourmet-product","7":"product_cat-salinas-de-ibiza-en","8":"product_tag-aromatic-herbs","9":"product_tag-box-100-g","10":"product_tag-citrus","11":"product_tag-fleur-de-sel","12":"product_tag-gift","13":"product_tag-pack","14":"product_tag-pink","15":"product_tag-salt-flakes","16":"product_tag-with-spices","18":"first","19":"instock","20":"taxable","21":"shipping-taxable","22":"purchasable","23":"product-type-simple"},"yoast_head":"<!-- This site is optimized with the Yoast SEO plugin v27.4 - https:\/\/yoast.com\/product\/yoast-seo-wordpress\/ -->\n<title>Pack 6 units Gift Set Salinas de Ibiza - Salinera Espa\u00f1ola<\/title>\n<meta name=\"description\" content=\"Salinas de Ibiza Pack 6 flavours. Case box with all Salinas de Ibiza products presented in a box ideal for making a gift.\" \/>\n<meta name=\"robots\" content=\"index, follow, max-snippet:-1, max-image-preview:large, max-video-preview:-1\" \/>\n<link rel=\"canonical\" href=\"https:\/\/www.salineraespanola.com\/en\/producto\/pack-6-units-gift-set-salinas-de-ibiza\/\" \/>\n<meta property=\"og:locale\" content=\"en_US\" \/>\n<meta property=\"og:type\" content=\"article\" \/>\n<meta property=\"og:title\" content=\"Pack 6 units Gift Set Salinas de Ibiza - Salinera Espa\u00f1ola\" \/>\n<meta property=\"og:description\" content=\"Salinas de Ibiza Pack 6 flavours. Case box with all Salinas de Ibiza products presented in a box ideal for making a gift.\" \/>\n<meta property=\"og:url\" content=\"https:\/\/www.salineraespanola.com\/en\/producto\/pack-6-units-gift-set-salinas-de-ibiza\/\" \/>\n<meta property=\"og:site_name\" content=\"Salinera Espa\u00f1ola\" \/>\n<meta property=\"article:publisher\" content=\"https:\/\/www.facebook.com\/SalineraEspanola\" \/>\n<meta property=\"article:modified_time\" content=\"2024-02-26T17:23:35+00:00\" \/>\n<meta property=\"og:image\" content=\"https:\/\/www.salineraespanola.com\/wp-content\/uploads\/2023\/11\/Salinera-Espanola-Gift-Set-6-unidades-Salinas-de-Ibiza_1.jpg\" \/>\n\t<meta property=\"og:image:width\" content=\"1400\" \/>\n\t<meta property=\"og:image:height\" content=\"1400\" \/>\n\t<meta property=\"og:image:type\" content=\"image\/jpeg\" \/>\n<meta name=\"twitter:card\" content=\"summary_large_image\" \/>\n<script type=\"application\/ld+json\" class=\"yoast-schema-graph\">{\"@context\":\"https:\\\/\\\/schema.org\",\"@graph\":[{\"@type\":\"WebPage\",\"@id\":\"https:\\\/\\\/www.salineraespanola.com\\\/en\\\/producto\\\/pack-6-units-gift-set-salinas-de-ibiza\\\/\",\"url\":\"https:\\\/\\\/www.salineraespanola.com\\\/en\\\/producto\\\/pack-6-units-gift-set-salinas-de-ibiza\\\/\",\"name\":\"Pack 6 units Gift Set Salinas de Ibiza - Salinera Espa\u00f1ola\",\"isPartOf\":{\"@id\":\"https:\\\/\\\/www.salineraespanola.com\\\/en\\\/#website\"},\"primaryImageOfPage\":{\"@id\":\"https:\\\/\\\/www.salineraespanola.com\\\/en\\\/producto\\\/pack-6-units-gift-set-salinas-de-ibiza\\\/#primaryimage\"},\"image\":{\"@id\":\"https:\\\/\\\/www.salineraespanola.com\\\/en\\\/producto\\\/pack-6-units-gift-set-salinas-de-ibiza\\\/#primaryimage\"},\"thumbnailUrl\":\"https:\\\/\\\/www.salineraespanola.com\\\/wp-content\\\/uploads\\\/2023\\\/11\\\/Salinera-Espanola-Gift-Set-6-unidades-Salinas-de-Ibiza_1.jpg\",\"datePublished\":\"2017-03-23T17:40:39+00:00\",\"dateModified\":\"2024-02-26T17:23:35+00:00\",\"description\":\"Salinas de Ibiza Pack 6 flavours. Case box with all Salinas de Ibiza products presented in a box ideal for making a gift.\",\"breadcrumb\":{\"@id\":\"https:\\\/\\\/www.salineraespanola.com\\\/en\\\/producto\\\/pack-6-units-gift-set-salinas-de-ibiza\\\/#breadcrumb\"},\"inLanguage\":\"en-US\",\"potentialAction\":[{\"@type\":\"ReadAction\",\"target\":[\"https:\\\/\\\/www.salineraespanola.com\\\/en\\\/producto\\\/pack-6-units-gift-set-salinas-de-ibiza\\\/\"]}]},{\"@type\":\"ImageObject\",\"inLanguage\":\"en-US\",\"@id\":\"https:\\\/\\\/www.salineraespanola.com\\\/en\\\/producto\\\/pack-6-units-gift-set-salinas-de-ibiza\\\/#primaryimage\",\"url\":\"https:\\\/\\\/www.salineraespanola.com\\\/wp-content\\\/uploads\\\/2023\\\/11\\\/Salinera-Espanola-Gift-Set-6-unidades-Salinas-de-Ibiza_1.jpg\",\"contentUrl\":\"https:\\\/\\\/www.salineraespanola.com\\\/wp-content\\\/uploads\\\/2023\\\/11\\\/Salinera-Espanola-Gift-Set-6-unidades-Salinas-de-Ibiza_1.jpg\",\"width\":1400,\"height\":1400},{\"@type\":\"BreadcrumbList\",\"@id\":\"https:\\\/\\\/www.salineraespanola.com\\\/en\\\/producto\\\/pack-6-units-gift-set-salinas-de-ibiza\\\/#breadcrumb\",\"itemListElement\":[{\"@type\":\"ListItem\",\"position\":1,\"name\":\"Portada\",\"item\":\"https:\\\/\\\/www.salineraespanola.com\\\/en\\\/\"},{\"@type\":\"ListItem\",\"position\":2,\"name\":\"Shop\",\"item\":\"https:\\\/\\\/www.salineraespanola.com\\\/en\\\/shop\\\/\"},{\"@type\":\"ListItem\",\"position\":3,\"name\":\"Pack 6 units Gift Set Salinas de Ibiza\"}]},{\"@type\":\"WebSite\",\"@id\":\"https:\\\/\\\/www.salineraespanola.com\\\/en\\\/#website\",\"url\":\"https:\\\/\\\/www.salineraespanola.com\\\/en\\\/\",\"name\":\"Salinera Espa\u00f1ola\",\"description\":\"Elaboraci\u00f3n y manipulaci\u00f3n de sal de alta calidad\",\"publisher\":{\"@id\":\"https:\\\/\\\/www.salineraespanola.com\\\/en\\\/#organization\"},\"alternateName\":\"Salinera Esp.\",\"potentialAction\":[{\"@type\":\"SearchAction\",\"target\":{\"@type\":\"EntryPoint\",\"urlTemplate\":\"https:\\\/\\\/www.salineraespanola.com\\\/en\\\/?s={search_term_string}\"},\"query-input\":{\"@type\":\"PropertyValueSpecification\",\"valueRequired\":true,\"valueName\":\"search_term_string\"}}],\"inLanguage\":\"en-US\"},{\"@type\":\"Organization\",\"@id\":\"https:\\\/\\\/www.salineraespanola.com\\\/en\\\/#organization\",\"name\":\"Salinera Espa\u00f1ola\",\"alternateName\":\"Salinera Esp.\",\"url\":\"https:\\\/\\\/www.salineraespanola.com\\\/en\\\/\",\"logo\":{\"@type\":\"ImageObject\",\"inLanguage\":\"en-US\",\"@id\":\"https:\\\/\\\/www.salineraespanola.com\\\/en\\\/#\\\/schema\\\/logo\\\/image\\\/\",\"url\":\"https:\\\/\\\/www.salineraespanola.com\\\/wp-content\\\/uploads\\\/2013\\\/05\\\/Salinera-logo-200.png\",\"contentUrl\":\"https:\\\/\\\/www.salineraespanola.com\\\/wp-content\\\/uploads\\\/2013\\\/05\\\/Salinera-logo-200.png\",\"width\":200,\"height\":85,\"caption\":\"Salinera Espa\u00f1ola\"},\"image\":{\"@id\":\"https:\\\/\\\/www.salineraespanola.com\\\/en\\\/#\\\/schema\\\/logo\\\/image\\\/\"},\"sameAs\":[\"https:\\\/\\\/www.facebook.com\\\/SalineraEspanola\",\"https:\\\/\\\/www.instagram.com\\\/salineraespanola\\\/\"]}]}<\/script>\n<!-- \/ Yoast SEO plugin. -->","yoast_head_json":{"title":"Pack 6 units Gift Set Salinas de Ibiza - Salinera Espa\u00f1ola","description":"Salinas de Ibiza Pack 6 flavours. Case box with all Salinas de Ibiza products presented in a box ideal for making a gift.","robots":{"index":"index","follow":"follow","max-snippet":"max-snippet:-1","max-image-preview":"max-image-preview:large","max-video-preview":"max-video-preview:-1"},"canonical":"https:\/\/www.salineraespanola.com\/en\/producto\/pack-6-units-gift-set-salinas-de-ibiza\/","og_locale":"en_US","og_type":"article","og_title":"Pack 6 units Gift Set Salinas de Ibiza - Salinera Espa\u00f1ola","og_description":"Salinas de Ibiza Pack 6 flavours. Case box with all Salinas de Ibiza products presented in a box ideal for making a gift.","og_url":"https:\/\/www.salineraespanola.com\/en\/producto\/pack-6-units-gift-set-salinas-de-ibiza\/","og_site_name":"Salinera Espa\u00f1ola","article_publisher":"https:\/\/www.facebook.com\/SalineraEspanola","article_modified_time":"2024-02-26T17:23:35+00:00","og_image":[{"width":1400,"height":1400,"url":"https:\/\/www.salineraespanola.com\/wp-content\/uploads\/2023\/11\/Salinera-Espanola-Gift-Set-6-unidades-Salinas-de-Ibiza_1.jpg","type":"image\/jpeg"}],"twitter_card":"summary_large_image","schema":{"@context":"https:\/\/schema.org","@graph":[{"@type":"WebPage","@id":"https:\/\/www.salineraespanola.com\/en\/producto\/pack-6-units-gift-set-salinas-de-ibiza\/","url":"https:\/\/www.salineraespanola.com\/en\/producto\/pack-6-units-gift-set-salinas-de-ibiza\/","name":"Pack 6 units Gift Set Salinas de Ibiza - Salinera Espa\u00f1ola","isPartOf":{"@id":"https:\/\/www.salineraespanola.com\/en\/#website"},"primaryImageOfPage":{"@id":"https:\/\/www.salineraespanola.com\/en\/producto\/pack-6-units-gift-set-salinas-de-ibiza\/#primaryimage"},"image":{"@id":"https:\/\/www.salineraespanola.com\/en\/producto\/pack-6-units-gift-set-salinas-de-ibiza\/#primaryimage"},"thumbnailUrl":"https:\/\/www.salineraespanola.com\/wp-content\/uploads\/2023\/11\/Salinera-Espanola-Gift-Set-6-unidades-Salinas-de-Ibiza_1.jpg","datePublished":"2017-03-23T17:40:39+00:00","dateModified":"2024-02-26T17:23:35+00:00","description":"Salinas de Ibiza Pack 6 flavours. Case box with all Salinas de Ibiza products presented in a box ideal for making a gift.","breadcrumb":{"@id":"https:\/\/www.salineraespanola.com\/en\/producto\/pack-6-units-gift-set-salinas-de-ibiza\/#breadcrumb"},"inLanguage":"en-US","potentialAction":[{"@type":"ReadAction","target":["https:\/\/www.salineraespanola.com\/en\/producto\/pack-6-units-gift-set-salinas-de-ibiza\/"]}]},{"@type":"ImageObject","inLanguage":"en-US","@id":"https:\/\/www.salineraespanola.com\/en\/producto\/pack-6-units-gift-set-salinas-de-ibiza\/#primaryimage","url":"https:\/\/www.salineraespanola.com\/wp-content\/uploads\/2023\/11\/Salinera-Espanola-Gift-Set-6-unidades-Salinas-de-Ibiza_1.jpg","contentUrl":"https:\/\/www.salineraespanola.com\/wp-content\/uploads\/2023\/11\/Salinera-Espanola-Gift-Set-6-unidades-Salinas-de-Ibiza_1.jpg","width":1400,"height":1400},{"@type":"BreadcrumbList","@id":"https:\/\/www.salineraespanola.com\/en\/producto\/pack-6-units-gift-set-salinas-de-ibiza\/#breadcrumb","itemListElement":[{"@type":"ListItem","position":1,"name":"Portada","item":"https:\/\/www.salineraespanola.com\/en\/"},{"@type":"ListItem","position":2,"name":"Shop","item":"https:\/\/www.salineraespanola.com\/en\/shop\/"},{"@type":"ListItem","position":3,"name":"Pack 6 units Gift Set Salinas de Ibiza"}]},{"@type":"WebSite","@id":"https:\/\/www.salineraespanola.com\/en\/#website","url":"https:\/\/www.salineraespanola.com\/en\/","name":"Salinera Espa\u00f1ola","description":"Elaboraci\u00f3n y manipulaci\u00f3n de sal de alta calidad","publisher":{"@id":"https:\/\/www.salineraespanola.com\/en\/#organization"},"alternateName":"Salinera Esp.","potentialAction":[{"@type":"SearchAction","target":{"@type":"EntryPoint","urlTemplate":"https:\/\/www.salineraespanola.com\/en\/?s={search_term_string}"},"query-input":{"@type":"PropertyValueSpecification","valueRequired":true,"valueName":"search_term_string"}}],"inLanguage":"en-US"},{"@type":"Organization","@id":"https:\/\/www.salineraespanola.com\/en\/#organization","name":"Salinera Espa\u00f1ola","alternateName":"Salinera Esp.","url":"https:\/\/www.salineraespanola.com\/en\/","logo":{"@type":"ImageObject","inLanguage":"en-US","@id":"https:\/\/www.salineraespanola.com\/en\/#\/schema\/logo\/image\/","url":"https:\/\/www.salineraespanola.com\/wp-content\/uploads\/2013\/05\/Salinera-logo-200.png","contentUrl":"https:\/\/www.salineraespanola.com\/wp-content\/uploads\/2013\/05\/Salinera-logo-200.png","width":200,"height":85,"caption":"Salinera Espa\u00f1ola"},"image":{"@id":"https:\/\/www.salineraespanola.com\/en\/#\/schema\/logo\/image\/"},"sameAs":["https:\/\/www.facebook.com\/SalineraEspanola","https:\/\/www.instagram.com\/salineraespanola\/"]}]}},"_links":{"self":[{"href":"https:\/\/www.salineraespanola.com\/en\/wp-json\/wp\/v2\/product\/2604","targetHints":{"allow":["GET"]}}],"collection":[{"href":"https:\/\/www.salineraespanola.com\/en\/wp-json\/wp\/v2\/product"}],"about":[{"href":"https:\/\/www.salineraespanola.com\/en\/wp-json\/wp\/v2\/types\/product"}],"replies":[{"embeddable":true,"href":"https:\/\/www.salineraespanola.com\/en\/wp-json\/wp\/v2\/comments?post=2604"}],"wp:featuredmedia":[{"embeddable":true,"href":"https:\/\/www.salineraespanola.com\/en\/wp-json\/wp\/v2\/media\/82919"}],"wp:attachment":[{"href":"https:\/\/www.salineraespanola.com\/en\/wp-json\/wp\/v2\/media?parent=2604"}],"wp:term":[{"taxonomy":"product_brand","embeddable":true,"href":"https:\/\/www.salineraespanola.com\/en\/wp-json\/wp\/v2\/product_brand?post=2604"},{"taxonomy":"product_cat","embeddable":true,"href":"https:\/\/www.salineraespanola.com\/en\/wp-json\/wp\/v2\/product_cat?post=2604"},{"taxonomy":"product_tag","embeddable":true,"href":"https:\/\/www.salineraespanola.com\/en\/wp-json\/wp\/v2\/product_tag?post=2604"}],"curies":[{"name":"wp","href":"https:\/\/api.w.org\/{rel}","templated":true}]}}