{"id":2613,"date":"2017-03-26T12:10:44","date_gmt":"2017-03-26T10:10:44","guid":{"rendered":"https:\/\/www.salineraespanola.com\/producto\/salinas-de-ibiza-pink-fleur-de-sel-sea-salt\/"},"modified":"2023-11-27T13:21:20","modified_gmt":"2023-11-27T12:21:20","slug":"salinas-de-ibiza-pink-fleur-de-sel-sea-salt","status":"publish","type":"product","link":"https:\/\/www.salineraespanola.com\/en\/producto\/salinas-de-ibiza-pink-fleur-de-sel-sea-salt\/","title":{"rendered":"Salinas de Ibiza pink fleur de sel sea salt"},"content":{"rendered":"","protected":false},"excerpt":{"rendered":"<p><strong>GOURMET PRODUCT<\/strong><\/p>\n<p>Seasoning prepared with fleur de sel sea salt and spice mix<\/p>\n<p><strong>Ingredients:<\/strong> Fleur de sel sea salt (90%), spice mix (10%): (pink pepper, hibiscus and smoked paprika).<\/p>\n<p><strong>Recommendations:<\/strong> Perfect for seasoning shellfish, carpaccio, pink sauce, Galician-style octopus, meats and fish.<\/p>\n<p><strong>Nutritional information per 100 g:<\/strong> Energetic value: 121 Kj\/29 Kcal. Fats: 1,2 g, of which saturated: 0,2 g. Carbohydrates: 2,0 g, of which sugars: 0,9 g. Proteins: 1,4 g. Salt: 84,9 g.<\/p>\n<p>Cylindrical salt shaker made of 100% recyclable cardboard of 100g.<\/p>\n","protected":false},"featured_media":82873,"comment_status":"open","ping_status":"closed","template":"","meta":[],"product_brand":[],"product_cat":[253,261],"product_tag":[292,412,273,411,413,402,400,406,399,398],"class_list":{"0":"post-2613","1":"product","2":"type-product","3":"status-publish","4":"has-post-thumbnail","6":"product_cat-gourmet-product","7":"product_cat-salinas-de-ibiza-en","8":"product_tag-box-100-g","9":"product_tag-decorating-dishes","10":"product_tag-fleur-de-sel","11":"product_tag-pink-en","12":"product_tag-pink-sauce","13":"product_tag-seasoning-carpaccio","14":"product_tag-seasoning-fish","15":"product_tag-seasoning-galician-style-octopus","16":"product_tag-seasoning-meats","17":"product_tag-seasoning-shellfish","19":"first","20":"instock","21":"taxable","22":"shipping-taxable","23":"purchasable","24":"product-type-simple"},"yoast_head":"<!-- This site is optimized with the Yoast SEO plugin v27.4 - https:\/\/yoast.com\/product\/yoast-seo-wordpress\/ -->\n<title>Salinas de Ibiza pink fleur de sel sea salt - Salinera Espa\u00f1ola<\/title>\n<meta name=\"description\" content=\"Salinas de Ibiza pink fleur de sel sea salt. Fleur de sel and spices: pink pepper, hibiscus, smoked paprika. Seafood, carpaccio, Galician octopus, meat, fish.\" \/>\n<meta name=\"robots\" content=\"index, follow, max-snippet:-1, max-image-preview:large, max-video-preview:-1\" \/>\n<link rel=\"canonical\" href=\"https:\/\/www.salineraespanola.com\/en\/producto\/salinas-de-ibiza-pink-fleur-de-sel-sea-salt\/\" \/>\n<meta property=\"og:locale\" content=\"en_US\" \/>\n<meta property=\"og:type\" content=\"article\" \/>\n<meta property=\"og:title\" content=\"Salinas de Ibiza pink fleur de sel sea salt - Salinera Espa\u00f1ola\" \/>\n<meta property=\"og:description\" content=\"Salinas de Ibiza pink fleur de sel sea salt. Fleur de sel and spices: pink pepper, hibiscus, smoked paprika. Seafood, carpaccio, Galician octopus, meat, fish.\" \/>\n<meta property=\"og:url\" content=\"https:\/\/www.salineraespanola.com\/en\/producto\/salinas-de-ibiza-pink-fleur-de-sel-sea-salt\/\" \/>\n<meta property=\"og:site_name\" content=\"Salinera Espa\u00f1ola\" \/>\n<meta property=\"article:publisher\" content=\"https:\/\/www.facebook.com\/SalineraEspanola\" \/>\n<meta property=\"article:modified_time\" content=\"2023-11-27T12:21:20+00:00\" \/>\n<meta property=\"og:image\" content=\"https:\/\/www.salineraespanola.com\/wp-content\/uploads\/2017\/03\/Salinera-Espanola-Flor-de-sal-con-especias-Rosada-Salinas-de-Ibiza_100g_Vert.jpg\" \/>\n\t<meta property=\"og:image:width\" content=\"1400\" \/>\n\t<meta property=\"og:image:height\" content=\"1400\" \/>\n\t<meta property=\"og:image:type\" content=\"image\/jpeg\" \/>\n<meta name=\"twitter:card\" content=\"summary_large_image\" \/>\n<script type=\"application\/ld+json\" class=\"yoast-schema-graph\">{\"@context\":\"https:\\\/\\\/schema.org\",\"@graph\":[{\"@type\":\"WebPage\",\"@id\":\"https:\\\/\\\/www.salineraespanola.com\\\/en\\\/producto\\\/salinas-de-ibiza-pink-fleur-de-sel-sea-salt\\\/\",\"url\":\"https:\\\/\\\/www.salineraespanola.com\\\/en\\\/producto\\\/salinas-de-ibiza-pink-fleur-de-sel-sea-salt\\\/\",\"name\":\"Salinas de Ibiza pink fleur de sel sea salt - Salinera Espa\u00f1ola\",\"isPartOf\":{\"@id\":\"https:\\\/\\\/www.salineraespanola.com\\\/en\\\/#website\"},\"primaryImageOfPage\":{\"@id\":\"https:\\\/\\\/www.salineraespanola.com\\\/en\\\/producto\\\/salinas-de-ibiza-pink-fleur-de-sel-sea-salt\\\/#primaryimage\"},\"image\":{\"@id\":\"https:\\\/\\\/www.salineraespanola.com\\\/en\\\/producto\\\/salinas-de-ibiza-pink-fleur-de-sel-sea-salt\\\/#primaryimage\"},\"thumbnailUrl\":\"https:\\\/\\\/www.salineraespanola.com\\\/wp-content\\\/uploads\\\/2017\\\/03\\\/Salinera-Espanola-Flor-de-sal-con-especias-Rosada-Salinas-de-Ibiza_100g_Vert.jpg\",\"datePublished\":\"2017-03-26T10:10:44+00:00\",\"dateModified\":\"2023-11-27T12:21:20+00:00\",\"description\":\"Salinas de Ibiza pink fleur de sel sea salt. Fleur de sel and spices: pink pepper, hibiscus, smoked paprika. Seafood, carpaccio, Galician octopus, meat, fish.\",\"breadcrumb\":{\"@id\":\"https:\\\/\\\/www.salineraespanola.com\\\/en\\\/producto\\\/salinas-de-ibiza-pink-fleur-de-sel-sea-salt\\\/#breadcrumb\"},\"inLanguage\":\"en-US\",\"potentialAction\":[{\"@type\":\"ReadAction\",\"target\":[\"https:\\\/\\\/www.salineraespanola.com\\\/en\\\/producto\\\/salinas-de-ibiza-pink-fleur-de-sel-sea-salt\\\/\"]}]},{\"@type\":\"ImageObject\",\"inLanguage\":\"en-US\",\"@id\":\"https:\\\/\\\/www.salineraespanola.com\\\/en\\\/producto\\\/salinas-de-ibiza-pink-fleur-de-sel-sea-salt\\\/#primaryimage\",\"url\":\"https:\\\/\\\/www.salineraespanola.com\\\/wp-content\\\/uploads\\\/2017\\\/03\\\/Salinera-Espanola-Flor-de-sal-con-especias-Rosada-Salinas-de-Ibiza_100g_Vert.jpg\",\"contentUrl\":\"https:\\\/\\\/www.salineraespanola.com\\\/wp-content\\\/uploads\\\/2017\\\/03\\\/Salinera-Espanola-Flor-de-sal-con-especias-Rosada-Salinas-de-Ibiza_100g_Vert.jpg\",\"width\":1400,\"height\":1400},{\"@type\":\"BreadcrumbList\",\"@id\":\"https:\\\/\\\/www.salineraespanola.com\\\/en\\\/producto\\\/salinas-de-ibiza-pink-fleur-de-sel-sea-salt\\\/#breadcrumb\",\"itemListElement\":[{\"@type\":\"ListItem\",\"position\":1,\"name\":\"Portada\",\"item\":\"https:\\\/\\\/www.salineraespanola.com\\\/en\\\/\"},{\"@type\":\"ListItem\",\"position\":2,\"name\":\"Shop\",\"item\":\"https:\\\/\\\/www.salineraespanola.com\\\/en\\\/shop\\\/\"},{\"@type\":\"ListItem\",\"position\":3,\"name\":\"Salinas de Ibiza pink fleur de sel sea salt\"}]},{\"@type\":\"WebSite\",\"@id\":\"https:\\\/\\\/www.salineraespanola.com\\\/en\\\/#website\",\"url\":\"https:\\\/\\\/www.salineraespanola.com\\\/en\\\/\",\"name\":\"Salinera Espa\u00f1ola\",\"description\":\"Elaboraci\u00f3n y manipulaci\u00f3n de sal de alta calidad\",\"publisher\":{\"@id\":\"https:\\\/\\\/www.salineraespanola.com\\\/en\\\/#organization\"},\"alternateName\":\"Salinera Esp.\",\"potentialAction\":[{\"@type\":\"SearchAction\",\"target\":{\"@type\":\"EntryPoint\",\"urlTemplate\":\"https:\\\/\\\/www.salineraespanola.com\\\/en\\\/?s={search_term_string}\"},\"query-input\":{\"@type\":\"PropertyValueSpecification\",\"valueRequired\":true,\"valueName\":\"search_term_string\"}}],\"inLanguage\":\"en-US\"},{\"@type\":\"Organization\",\"@id\":\"https:\\\/\\\/www.salineraespanola.com\\\/en\\\/#organization\",\"name\":\"Salinera Espa\u00f1ola\",\"alternateName\":\"Salinera Esp.\",\"url\":\"https:\\\/\\\/www.salineraespanola.com\\\/en\\\/\",\"logo\":{\"@type\":\"ImageObject\",\"inLanguage\":\"en-US\",\"@id\":\"https:\\\/\\\/www.salineraespanola.com\\\/en\\\/#\\\/schema\\\/logo\\\/image\\\/\",\"url\":\"https:\\\/\\\/www.salineraespanola.com\\\/wp-content\\\/uploads\\\/2013\\\/05\\\/Salinera-logo-200.png\",\"contentUrl\":\"https:\\\/\\\/www.salineraespanola.com\\\/wp-content\\\/uploads\\\/2013\\\/05\\\/Salinera-logo-200.png\",\"width\":200,\"height\":85,\"caption\":\"Salinera Espa\u00f1ola\"},\"image\":{\"@id\":\"https:\\\/\\\/www.salineraespanola.com\\\/en\\\/#\\\/schema\\\/logo\\\/image\\\/\"},\"sameAs\":[\"https:\\\/\\\/www.facebook.com\\\/SalineraEspanola\",\"https:\\\/\\\/www.instagram.com\\\/salineraespanola\\\/\"]}]}<\/script>\n<!-- \/ Yoast SEO plugin. -->","yoast_head_json":{"title":"Salinas de Ibiza pink fleur de sel sea salt - Salinera Espa\u00f1ola","description":"Salinas de Ibiza pink fleur de sel sea salt. Fleur de sel and spices: pink pepper, hibiscus, smoked paprika. Seafood, carpaccio, Galician octopus, meat, fish.","robots":{"index":"index","follow":"follow","max-snippet":"max-snippet:-1","max-image-preview":"max-image-preview:large","max-video-preview":"max-video-preview:-1"},"canonical":"https:\/\/www.salineraespanola.com\/en\/producto\/salinas-de-ibiza-pink-fleur-de-sel-sea-salt\/","og_locale":"en_US","og_type":"article","og_title":"Salinas de Ibiza pink fleur de sel sea salt - Salinera Espa\u00f1ola","og_description":"Salinas de Ibiza pink fleur de sel sea salt. Fleur de sel and spices: pink pepper, hibiscus, smoked paprika. Seafood, carpaccio, Galician octopus, meat, fish.","og_url":"https:\/\/www.salineraespanola.com\/en\/producto\/salinas-de-ibiza-pink-fleur-de-sel-sea-salt\/","og_site_name":"Salinera Espa\u00f1ola","article_publisher":"https:\/\/www.facebook.com\/SalineraEspanola","article_modified_time":"2023-11-27T12:21:20+00:00","og_image":[{"width":1400,"height":1400,"url":"https:\/\/www.salineraespanola.com\/wp-content\/uploads\/2017\/03\/Salinera-Espanola-Flor-de-sal-con-especias-Rosada-Salinas-de-Ibiza_100g_Vert.jpg","type":"image\/jpeg"}],"twitter_card":"summary_large_image","schema":{"@context":"https:\/\/schema.org","@graph":[{"@type":"WebPage","@id":"https:\/\/www.salineraespanola.com\/en\/producto\/salinas-de-ibiza-pink-fleur-de-sel-sea-salt\/","url":"https:\/\/www.salineraespanola.com\/en\/producto\/salinas-de-ibiza-pink-fleur-de-sel-sea-salt\/","name":"Salinas de Ibiza pink fleur de sel sea salt - Salinera Espa\u00f1ola","isPartOf":{"@id":"https:\/\/www.salineraespanola.com\/en\/#website"},"primaryImageOfPage":{"@id":"https:\/\/www.salineraespanola.com\/en\/producto\/salinas-de-ibiza-pink-fleur-de-sel-sea-salt\/#primaryimage"},"image":{"@id":"https:\/\/www.salineraespanola.com\/en\/producto\/salinas-de-ibiza-pink-fleur-de-sel-sea-salt\/#primaryimage"},"thumbnailUrl":"https:\/\/www.salineraespanola.com\/wp-content\/uploads\/2017\/03\/Salinera-Espanola-Flor-de-sal-con-especias-Rosada-Salinas-de-Ibiza_100g_Vert.jpg","datePublished":"2017-03-26T10:10:44+00:00","dateModified":"2023-11-27T12:21:20+00:00","description":"Salinas de Ibiza pink fleur de sel sea salt. Fleur de sel and spices: pink pepper, hibiscus, smoked paprika. Seafood, carpaccio, Galician octopus, meat, fish.","breadcrumb":{"@id":"https:\/\/www.salineraespanola.com\/en\/producto\/salinas-de-ibiza-pink-fleur-de-sel-sea-salt\/#breadcrumb"},"inLanguage":"en-US","potentialAction":[{"@type":"ReadAction","target":["https:\/\/www.salineraespanola.com\/en\/producto\/salinas-de-ibiza-pink-fleur-de-sel-sea-salt\/"]}]},{"@type":"ImageObject","inLanguage":"en-US","@id":"https:\/\/www.salineraespanola.com\/en\/producto\/salinas-de-ibiza-pink-fleur-de-sel-sea-salt\/#primaryimage","url":"https:\/\/www.salineraespanola.com\/wp-content\/uploads\/2017\/03\/Salinera-Espanola-Flor-de-sal-con-especias-Rosada-Salinas-de-Ibiza_100g_Vert.jpg","contentUrl":"https:\/\/www.salineraespanola.com\/wp-content\/uploads\/2017\/03\/Salinera-Espanola-Flor-de-sal-con-especias-Rosada-Salinas-de-Ibiza_100g_Vert.jpg","width":1400,"height":1400},{"@type":"BreadcrumbList","@id":"https:\/\/www.salineraespanola.com\/en\/producto\/salinas-de-ibiza-pink-fleur-de-sel-sea-salt\/#breadcrumb","itemListElement":[{"@type":"ListItem","position":1,"name":"Portada","item":"https:\/\/www.salineraespanola.com\/en\/"},{"@type":"ListItem","position":2,"name":"Shop","item":"https:\/\/www.salineraespanola.com\/en\/shop\/"},{"@type":"ListItem","position":3,"name":"Salinas de Ibiza pink fleur de sel sea salt"}]},{"@type":"WebSite","@id":"https:\/\/www.salineraespanola.com\/en\/#website","url":"https:\/\/www.salineraespanola.com\/en\/","name":"Salinera Espa\u00f1ola","description":"Elaboraci\u00f3n y manipulaci\u00f3n de sal de alta calidad","publisher":{"@id":"https:\/\/www.salineraespanola.com\/en\/#organization"},"alternateName":"Salinera Esp.","potentialAction":[{"@type":"SearchAction","target":{"@type":"EntryPoint","urlTemplate":"https:\/\/www.salineraespanola.com\/en\/?s={search_term_string}"},"query-input":{"@type":"PropertyValueSpecification","valueRequired":true,"valueName":"search_term_string"}}],"inLanguage":"en-US"},{"@type":"Organization","@id":"https:\/\/www.salineraespanola.com\/en\/#organization","name":"Salinera Espa\u00f1ola","alternateName":"Salinera Esp.","url":"https:\/\/www.salineraespanola.com\/en\/","logo":{"@type":"ImageObject","inLanguage":"en-US","@id":"https:\/\/www.salineraespanola.com\/en\/#\/schema\/logo\/image\/","url":"https:\/\/www.salineraespanola.com\/wp-content\/uploads\/2013\/05\/Salinera-logo-200.png","contentUrl":"https:\/\/www.salineraespanola.com\/wp-content\/uploads\/2013\/05\/Salinera-logo-200.png","width":200,"height":85,"caption":"Salinera Espa\u00f1ola"},"image":{"@id":"https:\/\/www.salineraespanola.com\/en\/#\/schema\/logo\/image\/"},"sameAs":["https:\/\/www.facebook.com\/SalineraEspanola","https:\/\/www.instagram.com\/salineraespanola\/"]}]}},"_links":{"self":[{"href":"https:\/\/www.salineraespanola.com\/en\/wp-json\/wp\/v2\/product\/2613","targetHints":{"allow":["GET"]}}],"collection":[{"href":"https:\/\/www.salineraespanola.com\/en\/wp-json\/wp\/v2\/product"}],"about":[{"href":"https:\/\/www.salineraespanola.com\/en\/wp-json\/wp\/v2\/types\/product"}],"replies":[{"embeddable":true,"href":"https:\/\/www.salineraespanola.com\/en\/wp-json\/wp\/v2\/comments?post=2613"}],"wp:featuredmedia":[{"embeddable":true,"href":"https:\/\/www.salineraespanola.com\/en\/wp-json\/wp\/v2\/media\/82873"}],"wp:attachment":[{"href":"https:\/\/www.salineraespanola.com\/en\/wp-json\/wp\/v2\/media?parent=2613"}],"wp:term":[{"taxonomy":"product_brand","embeddable":true,"href":"https:\/\/www.salineraespanola.com\/en\/wp-json\/wp\/v2\/product_brand?post=2613"},{"taxonomy":"product_cat","embeddable":true,"href":"https:\/\/www.salineraespanola.com\/en\/wp-json\/wp\/v2\/product_cat?post=2613"},{"taxonomy":"product_tag","embeddable":true,"href":"https:\/\/www.salineraespanola.com\/en\/wp-json\/wp\/v2\/product_tag?post=2613"}],"curies":[{"name":"wp","href":"https:\/\/api.w.org\/{rel}","templated":true}]}}