{"id":2614,"date":"2017-03-25T12:10:44","date_gmt":"2017-03-25T11:10:44","guid":{"rendered":"https:\/\/www.salineraespanola.com\/producto\/salinas-de-ibiza-sea-salt-flakes\/"},"modified":"2024-07-25T11:42:16","modified_gmt":"2024-07-25T09:42:16","slug":"coarse-sea-salt-from-the-salinas-de-ibiza","status":"publish","type":"product","link":"https:\/\/www.salineraespanola.com\/en\/producto\/coarse-sea-salt-from-the-salinas-de-ibiza\/","title":{"rendered":"Coarse Sea Salt from the Salinas de Ibiza"},"content":{"rendered":"","protected":false},"excerpt":{"rendered":"<p><strong>GOURMET PRODUCT<\/strong><\/p>\n<p>Cooking salt<\/p>\n<p><strong>Ingredients:<\/strong> Sea salt.<\/p>\n<p><strong>Recommendations:<\/strong> Excellent for seasoning salads, Galician-style octopus, carpaccio, chips, grilled vegetables, charcoal-grilled meats and fish.<\/p>\n<p>Cylindrical salt shaker made of 100% recyclable cardboard of 100g.<\/p>\n","protected":false},"featured_media":82891,"comment_status":"open","ping_status":"closed","template":"","meta":[],"product_brand":[],"product_cat":[253,261],"product_tag":[287,292,426,400,399,401,398],"class_list":{"0":"post-2614","1":"product","2":"type-product","3":"status-publish","4":"has-post-thumbnail","6":"product_cat-gourmet-product","7":"product_cat-salinas-de-ibiza-en","8":"product_tag-blue","9":"product_tag-box-100-g","10":"product_tag-coarse","11":"product_tag-seasoning-fish","12":"product_tag-seasoning-meats","13":"product_tag-seasoning-salads","14":"product_tag-seasoning-shellfish","16":"first","17":"instock","18":"taxable","19":"shipping-taxable","20":"purchasable","21":"product-type-simple"},"yoast_head":"<!-- This site is optimized with the Yoast SEO plugin v27.5 - https:\/\/yoast.com\/product\/yoast-seo-wordpress\/ -->\n<title>Coarse Sea Salt from the Salinas de Ibiza - Salinera Espa\u00f1ola<\/title>\n<meta name=\"description\" content=\"Coarse Sea Salt from the Salinas de Ibiza. Suitable for seasoning salads, Galician octopus, carpaccio, chips, grilled vegetables, grilled meats and fish.\" \/>\n<meta name=\"robots\" content=\"index, follow, max-snippet:-1, max-image-preview:large, max-video-preview:-1\" \/>\n<link rel=\"canonical\" href=\"https:\/\/www.salineraespanola.com\/en\/producto\/coarse-sea-salt-from-the-salinas-de-ibiza\/\" \/>\n<meta property=\"og:locale\" content=\"en_US\" \/>\n<meta property=\"og:type\" content=\"article\" \/>\n<meta property=\"og:title\" content=\"Coarse Sea Salt from the Salinas de Ibiza - Salinera Espa\u00f1ola\" \/>\n<meta property=\"og:description\" content=\"Coarse Sea Salt from the Salinas de Ibiza. Suitable for seasoning salads, Galician octopus, carpaccio, chips, grilled vegetables, grilled meats and fish.\" \/>\n<meta property=\"og:url\" content=\"https:\/\/www.salineraespanola.com\/en\/producto\/coarse-sea-salt-from-the-salinas-de-ibiza\/\" \/>\n<meta property=\"og:site_name\" content=\"Salinera Espa\u00f1ola\" \/>\n<meta property=\"article:publisher\" content=\"https:\/\/www.facebook.com\/SalineraEspanola\" \/>\n<meta property=\"article:modified_time\" content=\"2024-07-25T09:42:16+00:00\" \/>\n<meta property=\"og:image\" content=\"https:\/\/www.salineraespanola.com\/wp-content\/uploads\/2017\/03\/Salinera-Espanola-Sal-Marina-Salinas-de-Ibiza_100g_Vert.jpg\" \/>\n\t<meta property=\"og:image:width\" content=\"1400\" \/>\n\t<meta property=\"og:image:height\" content=\"1400\" \/>\n\t<meta property=\"og:image:type\" content=\"image\/jpeg\" \/>\n<meta name=\"twitter:card\" content=\"summary_large_image\" \/>\n<script type=\"application\/ld+json\" class=\"yoast-schema-graph\">{\"@context\":\"https:\\\/\\\/schema.org\",\"@graph\":[{\"@type\":\"WebPage\",\"@id\":\"https:\\\/\\\/www.salineraespanola.com\\\/en\\\/producto\\\/coarse-sea-salt-from-the-salinas-de-ibiza\\\/\",\"url\":\"https:\\\/\\\/www.salineraespanola.com\\\/en\\\/producto\\\/coarse-sea-salt-from-the-salinas-de-ibiza\\\/\",\"name\":\"Coarse Sea Salt from the Salinas de Ibiza - Salinera Espa\u00f1ola\",\"isPartOf\":{\"@id\":\"https:\\\/\\\/www.salineraespanola.com\\\/en\\\/#website\"},\"primaryImageOfPage\":{\"@id\":\"https:\\\/\\\/www.salineraespanola.com\\\/en\\\/producto\\\/coarse-sea-salt-from-the-salinas-de-ibiza\\\/#primaryimage\"},\"image\":{\"@id\":\"https:\\\/\\\/www.salineraespanola.com\\\/en\\\/producto\\\/coarse-sea-salt-from-the-salinas-de-ibiza\\\/#primaryimage\"},\"thumbnailUrl\":\"https:\\\/\\\/www.salineraespanola.com\\\/wp-content\\\/uploads\\\/2017\\\/03\\\/Salinera-Espanola-Sal-Marina-Salinas-de-Ibiza_100g_Vert.jpg\",\"datePublished\":\"2017-03-25T11:10:44+00:00\",\"dateModified\":\"2024-07-25T09:42:16+00:00\",\"description\":\"Coarse Sea Salt from the Salinas de Ibiza. Suitable for seasoning salads, Galician octopus, carpaccio, chips, grilled vegetables, grilled meats and fish.\",\"breadcrumb\":{\"@id\":\"https:\\\/\\\/www.salineraespanola.com\\\/en\\\/producto\\\/coarse-sea-salt-from-the-salinas-de-ibiza\\\/#breadcrumb\"},\"inLanguage\":\"en-US\",\"potentialAction\":[{\"@type\":\"ReadAction\",\"target\":[\"https:\\\/\\\/www.salineraespanola.com\\\/en\\\/producto\\\/coarse-sea-salt-from-the-salinas-de-ibiza\\\/\"]}]},{\"@type\":\"ImageObject\",\"inLanguage\":\"en-US\",\"@id\":\"https:\\\/\\\/www.salineraespanola.com\\\/en\\\/producto\\\/coarse-sea-salt-from-the-salinas-de-ibiza\\\/#primaryimage\",\"url\":\"https:\\\/\\\/www.salineraespanola.com\\\/wp-content\\\/uploads\\\/2017\\\/03\\\/Salinera-Espanola-Sal-Marina-Salinas-de-Ibiza_100g_Vert.jpg\",\"contentUrl\":\"https:\\\/\\\/www.salineraespanola.com\\\/wp-content\\\/uploads\\\/2017\\\/03\\\/Salinera-Espanola-Sal-Marina-Salinas-de-Ibiza_100g_Vert.jpg\",\"width\":1400,\"height\":1400},{\"@type\":\"BreadcrumbList\",\"@id\":\"https:\\\/\\\/www.salineraespanola.com\\\/en\\\/producto\\\/coarse-sea-salt-from-the-salinas-de-ibiza\\\/#breadcrumb\",\"itemListElement\":[{\"@type\":\"ListItem\",\"position\":1,\"name\":\"Portada\",\"item\":\"https:\\\/\\\/www.salineraespanola.com\\\/en\\\/\"},{\"@type\":\"ListItem\",\"position\":2,\"name\":\"Shop\",\"item\":\"https:\\\/\\\/www.salineraespanola.com\\\/en\\\/shop\\\/\"},{\"@type\":\"ListItem\",\"position\":3,\"name\":\"Coarse Sea Salt from the Salinas de Ibiza\"}]},{\"@type\":\"WebSite\",\"@id\":\"https:\\\/\\\/www.salineraespanola.com\\\/en\\\/#website\",\"url\":\"https:\\\/\\\/www.salineraespanola.com\\\/en\\\/\",\"name\":\"Salinera Espa\u00f1ola\",\"description\":\"Elaboraci\u00f3n y manipulaci\u00f3n de sal de alta calidad\",\"publisher\":{\"@id\":\"https:\\\/\\\/www.salineraespanola.com\\\/en\\\/#organization\"},\"alternateName\":\"Salinera Esp.\",\"potentialAction\":[{\"@type\":\"SearchAction\",\"target\":{\"@type\":\"EntryPoint\",\"urlTemplate\":\"https:\\\/\\\/www.salineraespanola.com\\\/en\\\/?s={search_term_string}\"},\"query-input\":{\"@type\":\"PropertyValueSpecification\",\"valueRequired\":true,\"valueName\":\"search_term_string\"}}],\"inLanguage\":\"en-US\"},{\"@type\":\"Organization\",\"@id\":\"https:\\\/\\\/www.salineraespanola.com\\\/en\\\/#organization\",\"name\":\"Salinera Espa\u00f1ola\",\"alternateName\":\"Salinera Esp.\",\"url\":\"https:\\\/\\\/www.salineraespanola.com\\\/en\\\/\",\"logo\":{\"@type\":\"ImageObject\",\"inLanguage\":\"en-US\",\"@id\":\"https:\\\/\\\/www.salineraespanola.com\\\/en\\\/#\\\/schema\\\/logo\\\/image\\\/\",\"url\":\"https:\\\/\\\/www.salineraespanola.com\\\/wp-content\\\/uploads\\\/2013\\\/05\\\/Salinera-logo-200.png\",\"contentUrl\":\"https:\\\/\\\/www.salineraespanola.com\\\/wp-content\\\/uploads\\\/2013\\\/05\\\/Salinera-logo-200.png\",\"width\":200,\"height\":85,\"caption\":\"Salinera Espa\u00f1ola\"},\"image\":{\"@id\":\"https:\\\/\\\/www.salineraespanola.com\\\/en\\\/#\\\/schema\\\/logo\\\/image\\\/\"},\"sameAs\":[\"https:\\\/\\\/www.facebook.com\\\/SalineraEspanola\",\"https:\\\/\\\/www.instagram.com\\\/salineraespanola\\\/\"]}]}<\/script>\n<!-- \/ Yoast SEO plugin. -->","yoast_head_json":{"title":"Coarse Sea Salt from the Salinas de Ibiza - Salinera Espa\u00f1ola","description":"Coarse Sea Salt from the Salinas de Ibiza. Suitable for seasoning salads, Galician octopus, carpaccio, chips, grilled vegetables, grilled meats and fish.","robots":{"index":"index","follow":"follow","max-snippet":"max-snippet:-1","max-image-preview":"max-image-preview:large","max-video-preview":"max-video-preview:-1"},"canonical":"https:\/\/www.salineraespanola.com\/en\/producto\/coarse-sea-salt-from-the-salinas-de-ibiza\/","og_locale":"en_US","og_type":"article","og_title":"Coarse Sea Salt from the Salinas de Ibiza - Salinera Espa\u00f1ola","og_description":"Coarse Sea Salt from the Salinas de Ibiza. Suitable for seasoning salads, Galician octopus, carpaccio, chips, grilled vegetables, grilled meats and fish.","og_url":"https:\/\/www.salineraespanola.com\/en\/producto\/coarse-sea-salt-from-the-salinas-de-ibiza\/","og_site_name":"Salinera Espa\u00f1ola","article_publisher":"https:\/\/www.facebook.com\/SalineraEspanola","article_modified_time":"2024-07-25T09:42:16+00:00","og_image":[{"width":1400,"height":1400,"url":"https:\/\/www.salineraespanola.com\/wp-content\/uploads\/2017\/03\/Salinera-Espanola-Sal-Marina-Salinas-de-Ibiza_100g_Vert.jpg","type":"image\/jpeg"}],"twitter_card":"summary_large_image","schema":{"@context":"https:\/\/schema.org","@graph":[{"@type":"WebPage","@id":"https:\/\/www.salineraespanola.com\/en\/producto\/coarse-sea-salt-from-the-salinas-de-ibiza\/","url":"https:\/\/www.salineraespanola.com\/en\/producto\/coarse-sea-salt-from-the-salinas-de-ibiza\/","name":"Coarse Sea Salt from the Salinas de Ibiza - Salinera Espa\u00f1ola","isPartOf":{"@id":"https:\/\/www.salineraespanola.com\/en\/#website"},"primaryImageOfPage":{"@id":"https:\/\/www.salineraespanola.com\/en\/producto\/coarse-sea-salt-from-the-salinas-de-ibiza\/#primaryimage"},"image":{"@id":"https:\/\/www.salineraespanola.com\/en\/producto\/coarse-sea-salt-from-the-salinas-de-ibiza\/#primaryimage"},"thumbnailUrl":"https:\/\/www.salineraespanola.com\/wp-content\/uploads\/2017\/03\/Salinera-Espanola-Sal-Marina-Salinas-de-Ibiza_100g_Vert.jpg","datePublished":"2017-03-25T11:10:44+00:00","dateModified":"2024-07-25T09:42:16+00:00","description":"Coarse Sea Salt from the Salinas de Ibiza. Suitable for seasoning salads, Galician octopus, carpaccio, chips, grilled vegetables, grilled meats and fish.","breadcrumb":{"@id":"https:\/\/www.salineraespanola.com\/en\/producto\/coarse-sea-salt-from-the-salinas-de-ibiza\/#breadcrumb"},"inLanguage":"en-US","potentialAction":[{"@type":"ReadAction","target":["https:\/\/www.salineraespanola.com\/en\/producto\/coarse-sea-salt-from-the-salinas-de-ibiza\/"]}]},{"@type":"ImageObject","inLanguage":"en-US","@id":"https:\/\/www.salineraespanola.com\/en\/producto\/coarse-sea-salt-from-the-salinas-de-ibiza\/#primaryimage","url":"https:\/\/www.salineraespanola.com\/wp-content\/uploads\/2017\/03\/Salinera-Espanola-Sal-Marina-Salinas-de-Ibiza_100g_Vert.jpg","contentUrl":"https:\/\/www.salineraespanola.com\/wp-content\/uploads\/2017\/03\/Salinera-Espanola-Sal-Marina-Salinas-de-Ibiza_100g_Vert.jpg","width":1400,"height":1400},{"@type":"BreadcrumbList","@id":"https:\/\/www.salineraespanola.com\/en\/producto\/coarse-sea-salt-from-the-salinas-de-ibiza\/#breadcrumb","itemListElement":[{"@type":"ListItem","position":1,"name":"Portada","item":"https:\/\/www.salineraespanola.com\/en\/"},{"@type":"ListItem","position":2,"name":"Shop","item":"https:\/\/www.salineraespanola.com\/en\/shop\/"},{"@type":"ListItem","position":3,"name":"Coarse Sea Salt from the Salinas de Ibiza"}]},{"@type":"WebSite","@id":"https:\/\/www.salineraespanola.com\/en\/#website","url":"https:\/\/www.salineraespanola.com\/en\/","name":"Salinera Espa\u00f1ola","description":"Elaboraci\u00f3n y manipulaci\u00f3n de sal de alta calidad","publisher":{"@id":"https:\/\/www.salineraespanola.com\/en\/#organization"},"alternateName":"Salinera Esp.","potentialAction":[{"@type":"SearchAction","target":{"@type":"EntryPoint","urlTemplate":"https:\/\/www.salineraespanola.com\/en\/?s={search_term_string}"},"query-input":{"@type":"PropertyValueSpecification","valueRequired":true,"valueName":"search_term_string"}}],"inLanguage":"en-US"},{"@type":"Organization","@id":"https:\/\/www.salineraespanola.com\/en\/#organization","name":"Salinera Espa\u00f1ola","alternateName":"Salinera Esp.","url":"https:\/\/www.salineraespanola.com\/en\/","logo":{"@type":"ImageObject","inLanguage":"en-US","@id":"https:\/\/www.salineraespanola.com\/en\/#\/schema\/logo\/image\/","url":"https:\/\/www.salineraespanola.com\/wp-content\/uploads\/2013\/05\/Salinera-logo-200.png","contentUrl":"https:\/\/www.salineraespanola.com\/wp-content\/uploads\/2013\/05\/Salinera-logo-200.png","width":200,"height":85,"caption":"Salinera Espa\u00f1ola"},"image":{"@id":"https:\/\/www.salineraespanola.com\/en\/#\/schema\/logo\/image\/"},"sameAs":["https:\/\/www.facebook.com\/SalineraEspanola","https:\/\/www.instagram.com\/salineraespanola\/"]}]}},"_links":{"self":[{"href":"https:\/\/www.salineraespanola.com\/en\/wp-json\/wp\/v2\/product\/2614","targetHints":{"allow":["GET"]}}],"collection":[{"href":"https:\/\/www.salineraespanola.com\/en\/wp-json\/wp\/v2\/product"}],"about":[{"href":"https:\/\/www.salineraespanola.com\/en\/wp-json\/wp\/v2\/types\/product"}],"replies":[{"embeddable":true,"href":"https:\/\/www.salineraespanola.com\/en\/wp-json\/wp\/v2\/comments?post=2614"}],"wp:featuredmedia":[{"embeddable":true,"href":"https:\/\/www.salineraespanola.com\/en\/wp-json\/wp\/v2\/media\/82891"}],"wp:attachment":[{"href":"https:\/\/www.salineraespanola.com\/en\/wp-json\/wp\/v2\/media?parent=2614"}],"wp:term":[{"taxonomy":"product_brand","embeddable":true,"href":"https:\/\/www.salineraespanola.com\/en\/wp-json\/wp\/v2\/product_brand?post=2614"},{"taxonomy":"product_cat","embeddable":true,"href":"https:\/\/www.salineraespanola.com\/en\/wp-json\/wp\/v2\/product_cat?post=2614"},{"taxonomy":"product_tag","embeddable":true,"href":"https:\/\/www.salineraespanola.com\/en\/wp-json\/wp\/v2\/product_tag?post=2614"}],"curies":[{"name":"wp","href":"https:\/\/api.w.org\/{rel}","templated":true}]}}