{"id":2625,"date":"2017-04-05T12:10:44","date_gmt":"2017-04-05T10:10:44","guid":{"rendered":"https:\/\/www.salineraespanola.com\/producto\/marsalis-iv-piperis-fleur-de-sel-sea-salt\/"},"modified":"2024-02-16T12:00:59","modified_gmt":"2024-02-16T11:00:59","slug":"marsalis-iv-piperis-fleur-de-sel-sea-salt","status":"publish","type":"product","link":"https:\/\/www.salineraespanola.com\/en\/producto\/marsalis-iv-piperis-fleur-de-sel-sea-salt\/","title":{"rendered":"Marsalis IV Piperis fleur de sel sea salt"},"content":{"rendered":"","protected":false},"excerpt":{"rendered":"<p><strong>GOURMET PRODUCT<\/strong><\/p>\n<div class=\"page\" title=\"Page 2\">\n<div class=\"section\">\n<div class=\"layoutArea\">\n<div class=\"column\">\n<p>Seasoning prepared with fleur de sel sea salt and spice mix.<\/p>\n<p><strong>Ingredients:<\/strong> Fleur de sel sea salt (90%), spices (10%): (black, white, pink and green peppers).<\/p>\n<p><strong>Recommendations:<\/strong> For seasoning grilled, charcoal-grilled or oven-baked meats, vegetables, seafood and fish, and also casseroles and sauces.<\/p>\n<p><strong>Nutritional information per 100 g:<\/strong> Energetic value: 101 Kj\/24 Kcal. Fats: 0,5 g, of which saturated: 0,16 g. Carbohydrates: 3,5 g, of which sugars: 0 g. Proteins: 1,3 g. Salt: 84,9 g.<\/p>\n<\/div>\n<\/div>\n<\/div>\n<\/div>\n<p>Cylindrical salt shaker made of 100% recyclable cardboard of 100g.<\/p>\n","protected":false},"featured_media":82793,"comment_status":"open","ping_status":"closed","template":"","meta":[],"product_brand":[],"product_cat":[253,256],"product_tag":[273,300,302,301,299],"class_list":{"0":"post-2625","1":"product","2":"type-product","3":"status-publish","4":"has-post-thumbnail","6":"product_cat-gourmet-product","7":"product_cat-marsalis-en","8":"product_tag-fleur-de-sel","9":"product_tag-with-black-pepper","10":"product_tag-with-pink-pepper","11":"product_tag-with-red-pepper","12":"product_tag-with-white-pepper","14":"first","15":"instock","16":"taxable","17":"shipping-taxable","18":"purchasable","19":"product-type-simple"},"yoast_head":"<!-- This site is optimized with the Yoast SEO plugin v27.4 - https:\/\/yoast.com\/product\/yoast-seo-wordpress\/ -->\n<title>Marsalis IV Piperis fleur de sel sea salt - Salinera Espa\u00f1ola<\/title>\n<meta name=\"robots\" content=\"index, follow, max-snippet:-1, max-image-preview:large, max-video-preview:-1\" \/>\n<link rel=\"canonical\" href=\"https:\/\/www.salineraespanola.com\/en\/producto\/marsalis-iv-piperis-fleur-de-sel-sea-salt\/\" \/>\n<meta property=\"og:locale\" content=\"en_US\" \/>\n<meta property=\"og:type\" content=\"article\" \/>\n<meta property=\"og:title\" content=\"Marsalis IV Piperis fleur de sel sea salt - Salinera Espa\u00f1ola\" \/>\n<meta property=\"og:description\" content=\"GOURMET PRODUCT      Seasoning prepared with fleur de sel sea salt and spice mix.  Ingredients: Fleur de sel sea salt (90%), spices (10%): (black, white, pink and green peppers).  Recommendations: For seasoning grilled, charcoal-grilled or oven-baked meats, vegetables, seafood and fish, and also casseroles and sauces.  Nutritional information per 100 g: Energetic value: 101 Kj\/24 Kcal. Fats: 0,5 g, of which saturated: 0,16 g. Carbohydrates: 3,5 g, of which sugars: 0 g. Proteins: 1,3 g. Salt: 84,9 g.      Cylindrical salt shaker made of 100% recyclable cardboard of 100g.\" \/>\n<meta property=\"og:url\" content=\"https:\/\/www.salineraespanola.com\/en\/producto\/marsalis-iv-piperis-fleur-de-sel-sea-salt\/\" \/>\n<meta property=\"og:site_name\" content=\"Salinera Espa\u00f1ola\" \/>\n<meta property=\"article:publisher\" content=\"https:\/\/www.facebook.com\/SalineraEspanola\" \/>\n<meta property=\"article:modified_time\" content=\"2024-02-16T11:00:59+00:00\" \/>\n<meta property=\"og:image\" content=\"https:\/\/www.salineraespanola.com\/wp-content\/uploads\/2017\/04\/Salinera-Espanola-Flor-de-sal-con-especias-Piperis-Marsalis_100g_Vert.jpg\" \/>\n\t<meta property=\"og:image:width\" content=\"1400\" \/>\n\t<meta property=\"og:image:height\" content=\"1401\" \/>\n\t<meta property=\"og:image:type\" content=\"image\/jpeg\" \/>\n<meta name=\"twitter:card\" content=\"summary_large_image\" \/>\n<script type=\"application\/ld+json\" class=\"yoast-schema-graph\">{\"@context\":\"https:\\\/\\\/schema.org\",\"@graph\":[{\"@type\":\"WebPage\",\"@id\":\"https:\\\/\\\/www.salineraespanola.com\\\/en\\\/producto\\\/marsalis-iv-piperis-fleur-de-sel-sea-salt\\\/\",\"url\":\"https:\\\/\\\/www.salineraespanola.com\\\/en\\\/producto\\\/marsalis-iv-piperis-fleur-de-sel-sea-salt\\\/\",\"name\":\"Marsalis IV Piperis fleur de sel sea salt - Salinera Espa\u00f1ola\",\"isPartOf\":{\"@id\":\"https:\\\/\\\/www.salineraespanola.com\\\/en\\\/#website\"},\"primaryImageOfPage\":{\"@id\":\"https:\\\/\\\/www.salineraespanola.com\\\/en\\\/producto\\\/marsalis-iv-piperis-fleur-de-sel-sea-salt\\\/#primaryimage\"},\"image\":{\"@id\":\"https:\\\/\\\/www.salineraespanola.com\\\/en\\\/producto\\\/marsalis-iv-piperis-fleur-de-sel-sea-salt\\\/#primaryimage\"},\"thumbnailUrl\":\"https:\\\/\\\/www.salineraespanola.com\\\/wp-content\\\/uploads\\\/2017\\\/04\\\/Salinera-Espanola-Flor-de-sal-con-especias-Piperis-Marsalis_100g_Vert.jpg\",\"datePublished\":\"2017-04-05T10:10:44+00:00\",\"dateModified\":\"2024-02-16T11:00:59+00:00\",\"breadcrumb\":{\"@id\":\"https:\\\/\\\/www.salineraespanola.com\\\/en\\\/producto\\\/marsalis-iv-piperis-fleur-de-sel-sea-salt\\\/#breadcrumb\"},\"inLanguage\":\"en-US\",\"potentialAction\":[{\"@type\":\"ReadAction\",\"target\":[\"https:\\\/\\\/www.salineraespanola.com\\\/en\\\/producto\\\/marsalis-iv-piperis-fleur-de-sel-sea-salt\\\/\"]}]},{\"@type\":\"ImageObject\",\"inLanguage\":\"en-US\",\"@id\":\"https:\\\/\\\/www.salineraespanola.com\\\/en\\\/producto\\\/marsalis-iv-piperis-fleur-de-sel-sea-salt\\\/#primaryimage\",\"url\":\"https:\\\/\\\/www.salineraespanola.com\\\/wp-content\\\/uploads\\\/2017\\\/04\\\/Salinera-Espanola-Flor-de-sal-con-especias-Piperis-Marsalis_100g_Vert.jpg\",\"contentUrl\":\"https:\\\/\\\/www.salineraespanola.com\\\/wp-content\\\/uploads\\\/2017\\\/04\\\/Salinera-Espanola-Flor-de-sal-con-especias-Piperis-Marsalis_100g_Vert.jpg\",\"width\":1400,\"height\":1401},{\"@type\":\"BreadcrumbList\",\"@id\":\"https:\\\/\\\/www.salineraespanola.com\\\/en\\\/producto\\\/marsalis-iv-piperis-fleur-de-sel-sea-salt\\\/#breadcrumb\",\"itemListElement\":[{\"@type\":\"ListItem\",\"position\":1,\"name\":\"Portada\",\"item\":\"https:\\\/\\\/www.salineraespanola.com\\\/en\\\/\"},{\"@type\":\"ListItem\",\"position\":2,\"name\":\"Shop\",\"item\":\"https:\\\/\\\/www.salineraespanola.com\\\/en\\\/shop\\\/\"},{\"@type\":\"ListItem\",\"position\":3,\"name\":\"Marsalis IV Piperis fleur de sel sea salt\"}]},{\"@type\":\"WebSite\",\"@id\":\"https:\\\/\\\/www.salineraespanola.com\\\/en\\\/#website\",\"url\":\"https:\\\/\\\/www.salineraespanola.com\\\/en\\\/\",\"name\":\"Salinera Espa\u00f1ola\",\"description\":\"Elaboraci\u00f3n y manipulaci\u00f3n de sal de alta calidad\",\"publisher\":{\"@id\":\"https:\\\/\\\/www.salineraespanola.com\\\/en\\\/#organization\"},\"alternateName\":\"Salinera Esp.\",\"potentialAction\":[{\"@type\":\"SearchAction\",\"target\":{\"@type\":\"EntryPoint\",\"urlTemplate\":\"https:\\\/\\\/www.salineraespanola.com\\\/en\\\/?s={search_term_string}\"},\"query-input\":{\"@type\":\"PropertyValueSpecification\",\"valueRequired\":true,\"valueName\":\"search_term_string\"}}],\"inLanguage\":\"en-US\"},{\"@type\":\"Organization\",\"@id\":\"https:\\\/\\\/www.salineraespanola.com\\\/en\\\/#organization\",\"name\":\"Salinera Espa\u00f1ola\",\"alternateName\":\"Salinera Esp.\",\"url\":\"https:\\\/\\\/www.salineraespanola.com\\\/en\\\/\",\"logo\":{\"@type\":\"ImageObject\",\"inLanguage\":\"en-US\",\"@id\":\"https:\\\/\\\/www.salineraespanola.com\\\/en\\\/#\\\/schema\\\/logo\\\/image\\\/\",\"url\":\"https:\\\/\\\/www.salineraespanola.com\\\/wp-content\\\/uploads\\\/2013\\\/05\\\/Salinera-logo-200.png\",\"contentUrl\":\"https:\\\/\\\/www.salineraespanola.com\\\/wp-content\\\/uploads\\\/2013\\\/05\\\/Salinera-logo-200.png\",\"width\":200,\"height\":85,\"caption\":\"Salinera Espa\u00f1ola\"},\"image\":{\"@id\":\"https:\\\/\\\/www.salineraespanola.com\\\/en\\\/#\\\/schema\\\/logo\\\/image\\\/\"},\"sameAs\":[\"https:\\\/\\\/www.facebook.com\\\/SalineraEspanola\",\"https:\\\/\\\/www.instagram.com\\\/salineraespanola\\\/\"]}]}<\/script>\n<!-- \/ Yoast SEO plugin. -->","yoast_head_json":{"title":"Marsalis IV Piperis fleur de sel sea salt - Salinera Espa\u00f1ola","robots":{"index":"index","follow":"follow","max-snippet":"max-snippet:-1","max-image-preview":"max-image-preview:large","max-video-preview":"max-video-preview:-1"},"canonical":"https:\/\/www.salineraespanola.com\/en\/producto\/marsalis-iv-piperis-fleur-de-sel-sea-salt\/","og_locale":"en_US","og_type":"article","og_title":"Marsalis IV Piperis fleur de sel sea salt - Salinera Espa\u00f1ola","og_description":"GOURMET PRODUCT      Seasoning prepared with fleur de sel sea salt and spice mix.  Ingredients: Fleur de sel sea salt (90%), spices (10%): (black, white, pink and green peppers).  Recommendations: For seasoning grilled, charcoal-grilled or oven-baked meats, vegetables, seafood and fish, and also casseroles and sauces.  Nutritional information per 100 g: Energetic value: 101 Kj\/24 Kcal. Fats: 0,5 g, of which saturated: 0,16 g. Carbohydrates: 3,5 g, of which sugars: 0 g. Proteins: 1,3 g. Salt: 84,9 g.      Cylindrical salt shaker made of 100% recyclable cardboard of 100g.","og_url":"https:\/\/www.salineraespanola.com\/en\/producto\/marsalis-iv-piperis-fleur-de-sel-sea-salt\/","og_site_name":"Salinera Espa\u00f1ola","article_publisher":"https:\/\/www.facebook.com\/SalineraEspanola","article_modified_time":"2024-02-16T11:00:59+00:00","og_image":[{"width":1400,"height":1401,"url":"https:\/\/www.salineraespanola.com\/wp-content\/uploads\/2017\/04\/Salinera-Espanola-Flor-de-sal-con-especias-Piperis-Marsalis_100g_Vert.jpg","type":"image\/jpeg"}],"twitter_card":"summary_large_image","schema":{"@context":"https:\/\/schema.org","@graph":[{"@type":"WebPage","@id":"https:\/\/www.salineraespanola.com\/en\/producto\/marsalis-iv-piperis-fleur-de-sel-sea-salt\/","url":"https:\/\/www.salineraespanola.com\/en\/producto\/marsalis-iv-piperis-fleur-de-sel-sea-salt\/","name":"Marsalis IV Piperis fleur de sel sea salt - Salinera Espa\u00f1ola","isPartOf":{"@id":"https:\/\/www.salineraespanola.com\/en\/#website"},"primaryImageOfPage":{"@id":"https:\/\/www.salineraespanola.com\/en\/producto\/marsalis-iv-piperis-fleur-de-sel-sea-salt\/#primaryimage"},"image":{"@id":"https:\/\/www.salineraespanola.com\/en\/producto\/marsalis-iv-piperis-fleur-de-sel-sea-salt\/#primaryimage"},"thumbnailUrl":"https:\/\/www.salineraespanola.com\/wp-content\/uploads\/2017\/04\/Salinera-Espanola-Flor-de-sal-con-especias-Piperis-Marsalis_100g_Vert.jpg","datePublished":"2017-04-05T10:10:44+00:00","dateModified":"2024-02-16T11:00:59+00:00","breadcrumb":{"@id":"https:\/\/www.salineraespanola.com\/en\/producto\/marsalis-iv-piperis-fleur-de-sel-sea-salt\/#breadcrumb"},"inLanguage":"en-US","potentialAction":[{"@type":"ReadAction","target":["https:\/\/www.salineraespanola.com\/en\/producto\/marsalis-iv-piperis-fleur-de-sel-sea-salt\/"]}]},{"@type":"ImageObject","inLanguage":"en-US","@id":"https:\/\/www.salineraespanola.com\/en\/producto\/marsalis-iv-piperis-fleur-de-sel-sea-salt\/#primaryimage","url":"https:\/\/www.salineraespanola.com\/wp-content\/uploads\/2017\/04\/Salinera-Espanola-Flor-de-sal-con-especias-Piperis-Marsalis_100g_Vert.jpg","contentUrl":"https:\/\/www.salineraespanola.com\/wp-content\/uploads\/2017\/04\/Salinera-Espanola-Flor-de-sal-con-especias-Piperis-Marsalis_100g_Vert.jpg","width":1400,"height":1401},{"@type":"BreadcrumbList","@id":"https:\/\/www.salineraespanola.com\/en\/producto\/marsalis-iv-piperis-fleur-de-sel-sea-salt\/#breadcrumb","itemListElement":[{"@type":"ListItem","position":1,"name":"Portada","item":"https:\/\/www.salineraespanola.com\/en\/"},{"@type":"ListItem","position":2,"name":"Shop","item":"https:\/\/www.salineraespanola.com\/en\/shop\/"},{"@type":"ListItem","position":3,"name":"Marsalis IV Piperis fleur de sel sea salt"}]},{"@type":"WebSite","@id":"https:\/\/www.salineraespanola.com\/en\/#website","url":"https:\/\/www.salineraespanola.com\/en\/","name":"Salinera Espa\u00f1ola","description":"Elaboraci\u00f3n y manipulaci\u00f3n de sal de alta calidad","publisher":{"@id":"https:\/\/www.salineraespanola.com\/en\/#organization"},"alternateName":"Salinera Esp.","potentialAction":[{"@type":"SearchAction","target":{"@type":"EntryPoint","urlTemplate":"https:\/\/www.salineraespanola.com\/en\/?s={search_term_string}"},"query-input":{"@type":"PropertyValueSpecification","valueRequired":true,"valueName":"search_term_string"}}],"inLanguage":"en-US"},{"@type":"Organization","@id":"https:\/\/www.salineraespanola.com\/en\/#organization","name":"Salinera Espa\u00f1ola","alternateName":"Salinera Esp.","url":"https:\/\/www.salineraespanola.com\/en\/","logo":{"@type":"ImageObject","inLanguage":"en-US","@id":"https:\/\/www.salineraespanola.com\/en\/#\/schema\/logo\/image\/","url":"https:\/\/www.salineraespanola.com\/wp-content\/uploads\/2013\/05\/Salinera-logo-200.png","contentUrl":"https:\/\/www.salineraespanola.com\/wp-content\/uploads\/2013\/05\/Salinera-logo-200.png","width":200,"height":85,"caption":"Salinera Espa\u00f1ola"},"image":{"@id":"https:\/\/www.salineraespanola.com\/en\/#\/schema\/logo\/image\/"},"sameAs":["https:\/\/www.facebook.com\/SalineraEspanola","https:\/\/www.instagram.com\/salineraespanola\/"]}]}},"_links":{"self":[{"href":"https:\/\/www.salineraespanola.com\/en\/wp-json\/wp\/v2\/product\/2625","targetHints":{"allow":["GET"]}}],"collection":[{"href":"https:\/\/www.salineraespanola.com\/en\/wp-json\/wp\/v2\/product"}],"about":[{"href":"https:\/\/www.salineraespanola.com\/en\/wp-json\/wp\/v2\/types\/product"}],"replies":[{"embeddable":true,"href":"https:\/\/www.salineraespanola.com\/en\/wp-json\/wp\/v2\/comments?post=2625"}],"wp:featuredmedia":[{"embeddable":true,"href":"https:\/\/www.salineraespanola.com\/en\/wp-json\/wp\/v2\/media\/82793"}],"wp:attachment":[{"href":"https:\/\/www.salineraespanola.com\/en\/wp-json\/wp\/v2\/media?parent=2625"}],"wp:term":[{"taxonomy":"product_brand","embeddable":true,"href":"https:\/\/www.salineraespanola.com\/en\/wp-json\/wp\/v2\/product_brand?post=2625"},{"taxonomy":"product_cat","embeddable":true,"href":"https:\/\/www.salineraespanola.com\/en\/wp-json\/wp\/v2\/product_cat?post=2625"},{"taxonomy":"product_tag","embeddable":true,"href":"https:\/\/www.salineraespanola.com\/en\/wp-json\/wp\/v2\/product_tag?post=2625"}],"curies":[{"name":"wp","href":"https:\/\/api.w.org\/{rel}","templated":true}]}}